{"id":164,"date":"2021-06-14T15:48:34","date_gmt":"2021-06-14T15:48:34","guid":{"rendered":"https:\/\/circle-of-compassion.ch\/wordpress\/?page_id=164"},"modified":"2022-03-22T19:35:56","modified_gmt":"2022-03-22T19:35:56","slug":"warum-vegan","status":"publish","type":"page","link":"https:\/\/www.circle-of-compassion.ch\/de\/informationen\/warum-vegan\/","title":{"rendered":"Warum Vegan"},"content":{"rendered":"<p>[et_pb_section fb_built=&#8220;1&#8243; fullwidth=&#8220;on&#8220; admin_label=&#8220;Header&#8220; _builder_version=&#8220;3.22&#8243; background_color=&#8220;#b7b9c7&#8243; custom_padding=&#8220;0px|0|0px|0px|false|false&#8220; locked=&#8220;off&#8220; global_colors_info=&#8220;{}&#8220;][et_pb_fullwidth_header title=&#8220;Warum vegan?&#8220; subhead=&#8220;f\u00fcr die Tiere, f\u00fcr die Umwelt und f\u00fcr die Gesundheit!&#8220; text_orientation=&#8220;center&#8220; background_overlay_color=&#8220;rgba(83,90,128,0.3)&#8220; content_max_width=&#8220;90%&#8220; _builder_version=&#8220;4.14.8&#8243; title_font=&#8220;Noto Serif|700|||||||&#8220; title_text_align=&#8220;center&#8220; title_font_size=&#8220;70px&#8220; title_line_height=&#8220;1.1em&#8220; content_font=&#8220;Noto Sans||||||||&#8220; content_font_size=&#8220;18px&#8220; content_line_height=&#8220;2em&#8220; subhead_font=&#8220;Noto Sans||||||||&#8220; subhead_text_align=&#8220;center&#8220; subhead_font_size=&#8220;30px&#8220; subhead_line_height=&#8220;2em&#8220; background_enable_color=&#8220;off&#8220; background_image=&#8220;https:\/\/www.circle-of-compassion.ch\/wp-content\/uploads\/2021\/06\/header_temp.jpg&#8220; parallax=&#8220;on&#8220; parallax_method=&#8220;on&#8220; custom_button_one=&#8220;on&#8220; button_one_text_size=&#8220;17px&#8220; button_one_text_color=&#8220;#ffffff&#8220; button_one_bg_color=&#8220;#ff6b5a&#8220; button_one_border_width=&#8220;7px&#8220; button_one_border_color=&#8220;#ff6b5a&#8220; button_one_border_radius=&#8220;100px&#8220; button_one_font=&#8220;Noto Sans|700||on|||||&#8220; button_one_use_icon=&#8220;off&#8220; custom_margin=&#8220;|||&#8220; custom_padding=&#8220;110px||110px||true&#8220; custom_padding_tablet=&#8220;100px|||&#8220; custom_padding_phone=&#8220;&#8220; custom_padding_last_edited=&#8220;on|phone&#8220; animation_style=&#8220;fade&#8220; animation_direction=&#8220;top&#8220; title_font_size_tablet=&#8220;40px&#8220; title_font_size_phone=&#8220;&#8220; title_font_size_last_edited=&#8220;on|tablet&#8220; subhead_font_size_tablet=&#8220;&#8220; subhead_font_size_phone=&#8220;20px&#8220; subhead_font_size_last_edited=&#8220;on|desktop&#8220; subhead_line_height_tablet=&#8220;&#8220; subhead_line_height_phone=&#8220;1.5em&#8220; subhead_line_height_last_edited=&#8220;on|phone&#8220; button_one_text_color_hover=&#8220;#ffffff&#8220; button_one_border_color_hover=&#8220;#ff9e59&#8243; button_one_border_radius_hover=&#8220;100px&#8220; button_one_bg_color_hover=&#8220;#ff9e59&#8243; global_colors_info=&#8220;{}&#8220; button_one_text_size__hover_enabled=&#8220;off&#8220; button_two_text_size__hover_enabled=&#8220;off&#8220; button_one_text_color__hover_enabled=&#8220;on&#8220; button_one_text_color__hover=&#8220;#ffffff&#8220; button_two_text_color__hover_enabled=&#8220;off&#8220; button_one_border_width__hover_enabled=&#8220;off&#8220; button_two_border_width__hover_enabled=&#8220;off&#8220; button_one_border_color__hover_enabled=&#8220;on&#8220; button_one_border_color__hover=&#8220;#ff9e59&#8243; button_two_border_color__hover_enabled=&#8220;off&#8220; button_one_border_radius__hover_enabled=&#8220;on&#8220; button_one_border_radius__hover=&#8220;100px&#8220; button_two_border_radius__hover_enabled=&#8220;off&#8220; button_one_letter_spacing__hover_enabled=&#8220;off&#8220; button_two_letter_spacing__hover_enabled=&#8220;off&#8220; button_one_bg_color__hover_enabled=&#8220;on&#8220; button_one_bg_color__hover=&#8220;#ff9e59&#8243; button_two_bg_color__hover_enabled=&#8220;off&#8220;][\/et_pb_fullwidth_header][\/et_pb_section][et_pb_section fb_built=&#8220;1&#8243; custom_padding_last_edited=&#8220;on|phone&#8220; admin_label=&#8220;Contact&#8220; _builder_version=&#8220;3.22&#8243; custom_padding=&#8220;100px|0px|100px|0px|true|false&#8220; custom_padding_tablet=&#8220;&#8220; custom_padding_phone=&#8220;50px||50px||true&#8220; global_colors_info=&#8220;{}&#8220;][et_pb_row admin_label=&#8220;Ethik &#8211; Titel&#8220; _builder_version=&#8220;4.9.6&#8243; _module_preset=&#8220;default&#8220; global_colors_info=&#8220;{}&#8220;][et_pb_column type=&#8220;4_4&#8243; _builder_version=&#8220;4.9.6&#8243; _module_preset=&#8220;default&#8220; global_colors_info=&#8220;{}&#8220;][et_pb_text _builder_version=&#8220;4.14.5&#8243; _module_preset=&#8220;default&#8220; global_colors_info=&#8220;{}&#8220;]<\/p>\n<h2>Ethik<\/h2>\n<p>[\/et_pb_text][\/et_pb_column][\/et_pb_row][et_pb_row column_structure=&#8220;1_3,2_3&#8243; admin_label=&#8220;Ethik&#8220; module_class=&#8220;reverse&#8220; _builder_version=&#8220;4.14.8&#8243; _module_preset=&#8220;default&#8220; custom_margin=&#8220;-40px||||false|false&#8220; global_colors_info=&#8220;{}&#8220;][et_pb_column type=&#8220;1_3&#8243; _builder_version=&#8220;4.9.0&#8243; _module_preset=&#8220;default&#8220; global_colors_info=&#8220;{}&#8220;][et_pb_image src=&#8220;https:\/\/circle-of-compassion.ch\/wordpress\/wp-content\/uploads\/2021\/06\/animals.jpg&#8220; title_text=&#8220;animals&#8220; _builder_version=&#8220;4.9.0&#8243; _module_preset=&#8220;default&#8220; global_colors_info=&#8220;{}&#8220;][\/et_pb_image][\/et_pb_column][et_pb_column type=&#8220;2_3&#8243; _builder_version=&#8220;4.9.0&#8243; _module_preset=&#8220;default&#8220; global_colors_info=&#8220;{}&#8220;][et_pb_text _builder_version=&#8220;4.9.6&#8243; _module_preset=&#8220;default&#8220; global_colors_info=&#8220;{}&#8220;]<\/p>\n<p>Die Herstellung s\u00e4mtlicher Tierprodukte verursacht unvermeidbar Tierleid, sei es durch die Zwangsbefruchtung von Tieren, um weitere Nachkommen zu z\u00fcchten, sei es durch enge und unhygienische Bedingungen in der Massenhaltung, sei es schlussendlich im Schlachthaus. Tiere wollen leben, in Freiheit und W\u00fcrde, mit ihrer Familie und ihren Freunden, so wie wir. Sie wollen nicht von uns als Besitz betrachtet und ausgebeutet werden. Sie wollen nicht im Schlachthaus einen verfr\u00fchten und grausamen Tod finden.<\/p>\n<p>Nicht zuletzt leiden auch Menschen unter der Tierindustrie, beispielsweise als schlecht bezahlte Schlachthausmitarbeitende, die keine andere Erwerbsm\u00f6glichkeit haben und somit die undankbare, grausame und mental destruktive Arbeit ausf\u00fchren m\u00fcssen, f\u00fcr unseren Konsum Tiere zu t\u00f6ten. Dazu kommt, dass ein signifikanter Anteil der globalen Getreideernte an Tiere verf\u00fcttert wird, w\u00e4hrend hunderte Millionen Menschen hungern.<\/p>\n<p>[\/et_pb_text][\/et_pb_column][\/et_pb_row][et_pb_row admin_label=&#8220;Ethik&#8220; _builder_version=&#8220;4.9.6&#8243; _module_preset=&#8220;default&#8220; custom_margin=&#8220;-40px||||false|false&#8220; global_colors_info=&#8220;{}&#8220;][et_pb_column type=&#8220;4_4&#8243; _builder_version=&#8220;4.9.0&#8243; _module_preset=&#8220;default&#8220; global_colors_info=&#8220;{}&#8220;][et_pb_text _builder_version=&#8220;4.9.6&#8243; _module_preset=&#8220;default&#8220; custom_margin=&#8220;||||false|false&#8220; global_colors_info=&#8220;{}&#8220;]<\/p>\n<p>In der heutigen Gesellschaft, in der uns eine sichere wie auch unglaublich vielf\u00e4ltige Lebensmittelproduktion zur Verf\u00fcgung steht, sind wir nicht mehr darauf angewiesen, Tiere auszubeuten, um zu \u00fcberleben. Wir k\u00f6nnen unseren Bedarf an N\u00e4hrstoffen komplett durch eine ausgewogene pflanzliche Ern\u00e4hrung decken. Dank neuester kulinarischer Innovationen k\u00f6nnen wir auch die selben Gerichte und Geschmacksrichtungen erleben wie bisher, einfach aus Pflanzen hergestellt. Daher sind wir \u00fcberzeugt, dass eine vegane Lebensweise aus tierethischer Sicht die richtige ist.<\/p>\n<p>[\/et_pb_text][\/et_pb_column][\/et_pb_row][et_pb_row admin_label=&#8220;Umweltschutz &#8211; Titel&#8220; _builder_version=&#8220;4.9.6&#8243; _module_preset=&#8220;default&#8220; global_colors_info=&#8220;{}&#8220;][et_pb_column type=&#8220;4_4&#8243; _builder_version=&#8220;4.9.6&#8243; _module_preset=&#8220;default&#8220; global_colors_info=&#8220;{}&#8220;][et_pb_text _builder_version=&#8220;4.14.5&#8243; _module_preset=&#8220;default&#8220; global_colors_info=&#8220;{}&#8220;]<\/p>\n<h2>Umweltschutz<\/h2>\n<p>[\/et_pb_text][\/et_pb_column][\/et_pb_row][et_pb_row column_structure=&#8220;1_3,2_3&#8243; admin_label=&#8220;Umweltschutz&#8220; _builder_version=&#8220;4.14.8&#8243; _module_preset=&#8220;default&#8220; custom_margin=&#8220;-40px||||false|false&#8220; hover_enabled=&#8220;0&#8243; global_colors_info=&#8220;{}&#8220; sticky_enabled=&#8220;0&#8243;][et_pb_column type=&#8220;1_3&#8243; _builder_version=&#8220;4.9.0&#8243; _module_preset=&#8220;default&#8220; global_colors_info=&#8220;{}&#8220;][et_pb_image src=&#8220;https:\/\/circle-of-compassion.ch\/wordpress\/wp-content\/uploads\/2021\/06\/environment.jpg&#8220; title_text=&#8220;environment&#8220; _builder_version=&#8220;4.9.0&#8243; _module_preset=&#8220;default&#8220; global_colors_info=&#8220;{}&#8220;][\/et_pb_image][\/et_pb_column][et_pb_column type=&#8220;2_3&#8243; _builder_version=&#8220;4.9.0&#8243; _module_preset=&#8220;default&#8220; global_colors_info=&#8220;{}&#8220;][et_pb_text _builder_version=&#8220;4.9.6&#8243; _module_preset=&#8220;default&#8220; global_colors_info=&#8220;{}&#8220;]<\/p>\n<p>Die Produktion von tierischen Nahrungsmitteln ist sehr ineffizient, sowohl durch Futtermittelbedarf als auch durch Platznutzung. Je nach Tierart m\u00fcssen f\u00fcr eine Kalorie produziertes Fleisch 4 bis 12 Kalorien an pflanzlicher Nahrung verf\u00fcttert werden. Daher wird f\u00fcr eine omnivore Ern\u00e4hrung pro Person weitaus mehr Ackerfl\u00e4che und Wasser verbraucht als f\u00fcr eine vegane Ern\u00e4hrung. Obwohl die Produktion tierischer Nahrungsmittel etwa 70% der globalen Ackerfl\u00e4che beanspruchen, liefert sie nur etwa 20% der global konsumierten Kalorien. Die Abholzung des Amazonas-Regenwaldes geschieht mehrheitlich f\u00fcr die tierische Landwirtschaft: Neben der Schaffung von Weidefl\u00e4chen wird dort Soja angebaut, und dieses dient gr\u00f6sstenteils der Produktion von Futtermitteln, und nicht dem menschlichen Verzehr. Nicht zuletzt ist beispielsweise der Methanausstoss von K\u00fchen problematisch, da Methan ein sehr starkes Treibhausgas ist. Die Tierindustrie verursacht etwa genauso viele Treibhausgasemissionen wie der gesamte Verkehr \u2013 also so viel wie alle Autos, Lastwagen, Z\u00fcge, Schiffe und Flugzeuge zusammen.<\/p>\n<p>[\/et_pb_text][\/et_pb_column][\/et_pb_row][et_pb_row admin_label=&#8220;Gesundheit &#8211; Titel&#8220; _builder_version=&#8220;4.9.6&#8243; _module_preset=&#8220;default&#8220; global_colors_info=&#8220;{}&#8220;][et_pb_column type=&#8220;4_4&#8243; _builder_version=&#8220;4.9.6&#8243; _module_preset=&#8220;default&#8220; global_colors_info=&#8220;{}&#8220;][et_pb_text _builder_version=&#8220;4.14.5&#8243; _module_preset=&#8220;default&#8220; global_colors_info=&#8220;{}&#8220;]<\/p>\n<h2>Gesundheit<\/h2>\n<p>[\/et_pb_text][\/et_pb_column][\/et_pb_row][et_pb_row column_structure=&#8220;1_3,2_3&#8243; admin_label=&#8220;Gesundheit&#8220; module_class=&#8220;reverse&#8220; _builder_version=&#8220;4.14.8&#8243; _module_preset=&#8220;default&#8220; custom_margin=&#8220;-40px||||false|false&#8220; global_colors_info=&#8220;{}&#8220;][et_pb_column type=&#8220;1_3&#8243; _builder_version=&#8220;4.9.0&#8243; _module_preset=&#8220;default&#8220; global_colors_info=&#8220;{}&#8220;][et_pb_image src=&#8220;https:\/\/circle-of-compassion.ch\/wordpress\/wp-content\/uploads\/2021\/06\/health.jpg&#8220; title_text=&#8220;health&#8220; _builder_version=&#8220;4.9.0&#8243; _module_preset=&#8220;default&#8220; global_colors_info=&#8220;{}&#8220;][\/et_pb_image][\/et_pb_column][et_pb_column type=&#8220;2_3&#8243; _builder_version=&#8220;4.9.0&#8243; _module_preset=&#8220;default&#8220; global_colors_info=&#8220;{}&#8220;][et_pb_text _builder_version=&#8220;4.9.6&#8243; _module_preset=&#8220;default&#8220; global_colors_info=&#8220;{}&#8220;]<\/p>\n<p>Eine rein pflanzliche Ern\u00e4hrung ist heute problemlos m\u00f6glich. Renommierte Ern\u00e4hrungsinstitute wie beispielsweise die Academy of Nutrition and Dietetics (ehemals American Dietetic Association) geben an, dass eine gut geplante vegetarische oder vegane Lebensweise in jedem Entwicklungsstadium m\u00f6glich ist, und sogar gesundheitliche Vorteile mit sich bringen kann. Eine vegane Ern\u00e4hrung reduziert nachgewiesenermassen das Risiko f\u00fcr mehrere Arten von Erkrankungen, die vermehrt in westlichen Industrienationen auftreten, darunter Herzerkrankungen, \u00dcbergewicht, Diabetes und verschiedene Arten von Krebs.<\/p>\n<p>[\/et_pb_text][\/et_pb_column][\/et_pb_row][\/et_pb_section][et_pb_section fb_built=&#8220;1&#8243; disabled_on=&#8220;off|off|off&#8220; admin_label=&#8220;Follow Along&#8220; _builder_version=&#8220;4.14.8&#8243; background_enable_color=&#8220;off&#8220; use_background_color_gradient=&#8220;on&#8220; background_color_gradient_start=&#8220;#ffffff&#8220; background_color_gradient_end=&#8220;rgba(255,255,255,0)&#8220; background_color_gradient_end_position=&#8220;52%&#8220; background_color_gradient_overlays_image=&#8220;on&#8220; background_image=&#8220;https:\/\/www.circle-of-compassion.ch\/wp-content\/uploads\/2021\/06\/footer.jpg&#8220; background_position=&#8220;center_right&#8220; custom_padding=&#8220;||34vw|&#8220; global_colors_info=&#8220;{}&#8220;][et_pb_row column_structure=&#8220;1_4,1_2,1_4&#8243; module_class=&#8220; et_pb_row_fullwidth&#8220; _builder_version=&#8220;3.25&#8243; width=&#8220;89%&#8220; width_tablet=&#8220;80%&#8220; width_phone=&#8220;&#8220; width_last_edited=&#8220;on|desktop&#8220; max_width=&#8220;89%&#8220; max_width_tablet=&#8220;80%&#8220; max_width_phone=&#8220;&#8220; max_width_last_edited=&#8220;on|desktop&#8220; custom_margin=&#8220;0px|||&#8220; custom_padding=&#8220;|||&#8220; make_fullwidth=&#8220;on&#8220; global_colors_info=&#8220;{}&#8220;][et_pb_column type=&#8220;1_4&#8243; _builder_version=&#8220;3.25&#8243; custom_padding=&#8220;|||&#8220; global_colors_info=&#8220;{}&#8220; custom_padding__hover=&#8220;|||&#8220;][\/et_pb_column][et_pb_column type=&#8220;1_2&#8243; _builder_version=&#8220;3.25&#8243; custom_padding=&#8220;|||&#8220; global_colors_info=&#8220;{}&#8220; custom_padding__hover=&#8220;|||&#8220;][et_pb_code _builder_version=&#8220;4.14.6&#8243; _module_preset=&#8220;default&#8220; global_colors_info=&#8220;{}&#8220;]<div id=\"quform-f6a3ae\" class=\"quform quform-3 quform-theme-minimal quform-support-page-caching\"><form id=\"quform-form-f6a3ae\" class=\"quform-form quform-form-3\" action=\"\/de\/wp-json\/wp\/v2\/pages\/164#quform-f6a3ae\" method=\"post\" enctype=\"multipart\/form-data\" novalidate=\"novalidate\" data-options=\"{&quot;id&quot;:3,&quot;uniqueId&quot;:&quot;f6a3ae&quot;,&quot;theme&quot;:&quot;minimal&quot;,&quot;ajax&quot;:true,&quot;logic&quot;:{&quot;logic&quot;:[],&quot;dependents&quot;:[],&quot;elementIds&quot;:[],&quot;dependentElementIds&quot;:[],&quot;animate&quot;:true},&quot;currentPageId&quot;:1,&quot;errorsIcon&quot;:&quot;&quot;,&quot;updateFancybox&quot;:true,&quot;hasPages&quot;:false,&quot;pages&quot;:[1],&quot;pageProgressType&quot;:&quot;numbers&quot;,&quot;tooltipsEnabled&quot;:true,&quot;tooltipClasses&quot;:&quot;qtip-quform-dark qtip-shadow&quot;,&quot;tooltipMy&quot;:&quot;left center&quot;,&quot;tooltipAt&quot;:&quot;right center&quot;,&quot;isRtl&quot;:false,&quot;scrollOffset&quot;:-50,&quot;scrollSpeed&quot;:800}\"><button class=\"quform-default-submit\" name=\"quform_submit\" type=\"submit\" value=\"submit\" aria-hidden=\"true\" tabindex=\"-1\"><\/button><div class=\"quform-form-inner quform-form-inner-3\"><input type=\"hidden\" name=\"quform_form_id\" value=\"3\" \/><input type=\"hidden\" name=\"quform_form_uid\" value=\"f6a3ae\" \/><input type=\"hidden\" name=\"quform_count\" value=\"1\" \/><input type=\"hidden\" name=\"form_url\" value=\"https:\/\/www.circle-of-compassion.ch\/de\/wp-json\/wp\/v2\/pages\/164\" \/><input type=\"hidden\" name=\"referring_url\" value=\"\" \/><input type=\"hidden\" name=\"post_id\" value=\"\" \/><input type=\"hidden\" name=\"post_title\" value=\"\" \/><input type=\"hidden\" name=\"quform_current_page_id\" value=\"1\" \/><input type=\"hidden\" name=\"quform_csrf_token\" value=\"BghyMvovFyueJa81tWTdc4jCHNNfnI24mJNLKC7F\" \/><div class=\"quform-form-title-description\"><h2 class=\"quform-form-title\">Nichts verpassen<\/h2><p class=\"quform-form-description\">Du m\u00f6chtest \u00fcber uns und unsere Aktionen auf dem Laufenden bleiben? Nichts leichter als das - abonniere unseren Newsletter und schon bleibst du stets bestens informiert.<\/p><\/div><div class=\"quform-elements quform-elements-3 quform-cf quform-responsive-elements-phone-landscape\"><div class=\"quform-element quform-element-page quform-page-1 quform-page-3_1 quform-cf quform-group-style-plain quform-first-page quform-last-page quform-current-page\"><div class=\"quform-child-elements\"><div class=\"quform-element quform-element-email quform-element-3_3 quform-cf quform-element-required\"><div class=\"quform-spacer\"><div class=\"quform-label quform-label-3_3\"><label class=\"quform-label-text\" for=\"quform_3_3_f6a3ae\">E-Mail-Adresse *<span class=\"quform-required\">*<\/span><\/label><\/div><div class=\"quform-inner quform-inner-email quform-inner-3_3\"><div class=\"quform-input quform-input-email quform-input-3_3 quform-cf\"><input type=\"email\" id=\"quform_3_3_f6a3ae\" name=\"quform_3_3\" class=\"quform-field quform-field-email quform-field-3_3\" placeholder=\"E-Mail-Adresse *\" \/><\/div><\/div><\/div><\/div><div class=\"quform-element quform-element-submit quform-element-3_2 quform-cf quform-button-style-theme\"><div class=\"quform-button-submit quform-button-submit-default quform-button-submit-3_2\"><button name=\"quform_submit\" type=\"submit\" class=\"quform-submit\" value=\"submit\"><span class=\"quform-button-text quform-button-submit-text\">Abonnieren<\/span><\/button><\/div><div class=\"quform-loading quform-loading-position-left quform-loading-type-spinner-1\"><div class=\"quform-loading-inner\"><div class=\"quform-loading-spinner\"><div class=\"quform-loading-spinner-inner\"><\/div><\/div><\/div><\/div><\/div><div class=\"quform-element quform-element-recaptcha quform-element-3_5 quform-cf quform-element-required\"><div class=\"quform-spacer\"><div class=\"quform-inner quform-inner-recaptcha quform-inner-3_5\"><div class=\"quform-input quform-input-recaptcha quform-input-3_5 quform-cf\"><div class=\"quform-recaptcha\" data-config=\"{&quot;sitekey&quot;:&quot;6LfUP_4pAAAAAMIT7VBxV9sX2FMeS3p0esLjvGix&quot;,&quot;_version&quot;:&quot;v3&quot;,&quot;size&quot;:&quot;invisible&quot;,&quot;type&quot;:&quot;image&quot;,&quot;theme&quot;:&quot;light&quot;,&quot;badge&quot;:&quot;inline&quot;}\"><\/div><noscript>Please enable JavaScript to submit this form.<\/noscript><\/div><\/div><\/div><\/div><div class=\"quform-element-tree\"><label for=\"quform_3_0_f6a3ae\">Dieses Feld sollte nicht ausgef\u00fcllt werden<\/label><input type=\"text\" id=\"quform_3_0_f6a3ae\" name=\"quform_3_0\" class=\"quform-field quform-field-tree quform-field-3_0\" tabindex=\"-1\" autocomplete=\"off\" \/><\/div><\/div><\/div><\/div><\/div><\/form><\/div>[\/et_pb_code][et_pb_social_media_follow _builder_version=&#8220;4.9.6&#8243; text_orientation=&#8220;center&#8220; background_layout=&#8220;dark&#8220; module_alignment=&#8220;right&#8220; custom_margin=&#8220;|||&#8220; animation_style=&#8220;slide&#8220; animation_direction=&#8220;top&#8220; border_radii=&#8220;on|100%|100%|100%|100%&#8220; global_colors_info=&#8220;{}&#8220;][et_pb_social_media_follow_network social_network=&#8220;facebook&#8220; url=&#8220;https:\/\/www.facebook.com\/CircleOfCompassionSwitzerland&#8220; _builder_version=&#8220;4.9.6&#8243; background_color=&#8220;rgba(0,0,0,0.1)&#8220; custom_margin=&#8220;|10px||10px||true&#8220; custom_padding=&#8220;10px|10px|10px|10px|true|true&#8220; global_colors_info=&#8220;{}&#8220; follow_button=&#8220;off&#8220; url_new_window=&#8220;on&#8220;]facebook[\/et_pb_social_media_follow_network][et_pb_social_media_follow_network social_network=&#8220;instagram&#8220; url=&#8220;https:\/\/www.instagram.com\/circleofcompassionswitzerland\/&#8220; _builder_version=&#8220;4.9.6&#8243; background_color=&#8220;rgba(0,0,0,0.1)&#8220; custom_margin=&#8220;|10px||10px||true&#8220; custom_padding=&#8220;10px|10px|10px|10px|true|true&#8220; global_colors_info=&#8220;{}&#8220; follow_button=&#8220;off&#8220; url_new_window=&#8220;on&#8220;]instagram[\/et_pb_social_media_follow_network][\/et_pb_social_media_follow][\/et_pb_column][et_pb_column type=&#8220;1_4&#8243; _builder_version=&#8220;3.25&#8243; custom_padding=&#8220;|||&#8220; global_colors_info=&#8220;{}&#8220; custom_padding__hover=&#8220;|||&#8220;][\/et_pb_column][\/et_pb_row][\/et_pb_section]<\/p>\n","protected":false},"excerpt":{"rendered":"<p>EthikDie Herstellung s\u00e4mtlicher Tierprodukte verursacht unvermeidbar Tierleid, sei es durch die Zwangsbefruchtung von Tieren, um weitere Nachkommen zu z\u00fcchten, sei es durch enge und unhygienische Bedingungen in der Massenhaltung, sei es schlussendlich im Schlachthaus. Tiere wollen leben, in Freiheit und W\u00fcrde, mit ihrer Familie und ihren Freunden, so wie wir. Sie wollen nicht von uns [&hellip;]<\/p>\n","protected":false},"author":1,"featured_media":0,"parent":1552,"menu_order":16,"comment_status":"closed","ping_status":"closed","template":"","meta":{"_et_pb_use_builder":"on","_et_pb_old_content":"","_et_gb_content_width":"","footnotes":""},"class_list":["post-164","page","type-page","status-publish","hentry"],"acf":[],"_links":{"self":[{"href":"https:\/\/www.circle-of-compassion.ch\/de\/wp-json\/wp\/v2\/pages\/164","targetHints":{"allow":["GET"]}}],"collection":[{"href":"https:\/\/www.circle-of-compassion.ch\/de\/wp-json\/wp\/v2\/pages"}],"about":[{"href":"https:\/\/www.circle-of-compassion.ch\/de\/wp-json\/wp\/v2\/types\/page"}],"author":[{"embeddable":true,"href":"https:\/\/www.circle-of-compassion.ch\/de\/wp-json\/wp\/v2\/users\/1"}],"replies":[{"embeddable":true,"href":"https:\/\/www.circle-of-compassion.ch\/de\/wp-json\/wp\/v2\/comments?post=164"}],"version-history":[{"count":14,"href":"https:\/\/www.circle-of-compassion.ch\/de\/wp-json\/wp\/v2\/pages\/164\/revisions"}],"predecessor-version":[{"id":2208,"href":"https:\/\/www.circle-of-compassion.ch\/de\/wp-json\/wp\/v2\/pages\/164\/revisions\/2208"}],"up":[{"embeddable":true,"href":"https:\/\/www.circle-of-compassion.ch\/de\/wp-json\/wp\/v2\/pages\/1552"}],"wp:attachment":[{"href":"https:\/\/www.circle-of-compassion.ch\/de\/wp-json\/wp\/v2\/media?parent=164"}],"curies":[{"name":"wp","href":"https:\/\/api.w.org\/{rel}","templated":true}]}}