{"id":3466,"date":"2025-09-08T08:35:18","date_gmt":"2025-09-08T08:35:18","guid":{"rendered":"https:\/\/www.circle-of-compassion.ch\/?page_id=3466"},"modified":"2025-09-08T08:45:24","modified_gmt":"2025-09-08T08:45:24","slug":"statuten-kurz","status":"publish","type":"page","link":"https:\/\/www.circle-of-compassion.ch\/de\/statuten-kurz\/","title":{"rendered":"Statuten"},"content":{"rendered":"<p>[et_pb_section fb_built=&#8220;1&#8243; fullwidth=&#8220;on&#8220; admin_label=&#8220;Header&#8220; _builder_version=&#8220;4.16&#8243; background_color=&#8220;#b7b9c7&#8243; custom_padding=&#8220;0px|0|0px|0px|false|false&#8220; locked=&#8220;off&#8220; global_colors_info=&#8220;{}&#8220;][et_pb_fullwidth_header title=&#8220;Statuten&#8220; subhead=&#8220;kurz und knackig&#8220; text_orientation=&#8220;center&#8220; background_overlay_color=&#8220;rgba(83,90,128,0.3)&#8220; content_max_width=&#8220;90%&#8220; _builder_version=&#8220;4.16&#8243; title_font=&#8220;Noto Serif|700|||||||&#8220; title_text_align=&#8220;center&#8220; title_font_size=&#8220;70px&#8220; title_line_height=&#8220;1.1em&#8220; content_font=&#8220;Noto Sans||||||||&#8220; content_font_size=&#8220;18px&#8220; content_line_height=&#8220;2em&#8220; subhead_font=&#8220;Noto Sans||||||||&#8220; subhead_text_align=&#8220;center&#8220; subhead_font_size=&#8220;30px&#8220; subhead_line_height=&#8220;2em&#8220; background_color=&#8220;rgba(255,255,255,0)&#8220; background_image=&#8220;https:\/\/www.circle-of-compassion.ch\/wp-content\/uploads\/2021\/06\/header_temp.jpg&#8220; parallax=&#8220;on&#8220; parallax_method=&#8220;on&#8220; custom_button_one=&#8220;on&#8220; button_one_text_size=&#8220;17px&#8220; button_one_text_color=&#8220;#ffffff&#8220; button_one_bg_color=&#8220;#ff6b5a&#8220; button_one_border_width=&#8220;7px&#8220; button_one_border_color=&#8220;#ff6b5a&#8220; button_one_border_radius=&#8220;100px&#8220; button_one_font=&#8220;Noto Sans|700||on|||||&#8220; button_one_use_icon=&#8220;off&#8220; custom_margin=&#8220;|||&#8220; custom_padding=&#8220;110px||110px||true&#8220; custom_padding_tablet=&#8220;100px|||&#8220; custom_padding_phone=&#8220;&#8220; custom_padding_last_edited=&#8220;on|phone&#8220; animation_style=&#8220;fade&#8220; animation_direction=&#8220;top&#8220; title_font_size_tablet=&#8220;40px&#8220; title_font_size_phone=&#8220;&#8220; title_font_size_last_edited=&#8220;on|tablet&#8220; subhead_font_size_tablet=&#8220;&#8220; subhead_font_size_phone=&#8220;20px&#8220; subhead_font_size_last_edited=&#8220;on|desktop&#8220; subhead_line_height_tablet=&#8220;&#8220; subhead_line_height_phone=&#8220;1.5em&#8220; subhead_line_height_last_edited=&#8220;on|phone&#8220; button_one_text_color_hover=&#8220;#ffffff&#8220; button_one_border_color_hover=&#8220;#ff9e59&#8243; button_one_border_radius_hover=&#8220;100px&#8220; button_one_bg_color_hover=&#8220;#ff9e59&#8243; global_colors_info=&#8220;{}&#8220; button_one_text_size__hover_enabled=&#8220;off&#8220; button_two_text_size__hover_enabled=&#8220;off&#8220; button_one_text_color__hover_enabled=&#8220;on&#8220; button_one_text_color__hover=&#8220;#ffffff&#8220; button_two_text_color__hover_enabled=&#8220;off&#8220; button_one_border_width__hover_enabled=&#8220;off&#8220; button_two_border_width__hover_enabled=&#8220;off&#8220; button_one_border_color__hover_enabled=&#8220;on&#8220; button_one_border_color__hover=&#8220;#ff9e59&#8243; button_two_border_color__hover_enabled=&#8220;off&#8220; button_one_border_radius__hover_enabled=&#8220;on&#8220; button_one_border_radius__hover=&#8220;100px&#8220; button_two_border_radius__hover_enabled=&#8220;off&#8220; button_one_letter_spacing__hover_enabled=&#8220;off&#8220; button_two_letter_spacing__hover_enabled=&#8220;off&#8220; button_one_bg_color__hover_enabled=&#8220;on&#8220; button_one_bg_color__hover=&#8220;#ff9e59&#8243; button_two_bg_color__hover_enabled=&#8220;off&#8220;][\/et_pb_fullwidth_header][\/et_pb_section][et_pb_section fb_built=&#8220;1&#8243; custom_padding_last_edited=&#8220;on|phone&#8220; admin_label=&#8220;Contact&#8220; _builder_version=&#8220;4.16&#8243; custom_padding=&#8220;100px|0px|100px|0px|true|false&#8220; custom_padding_tablet=&#8220;&#8220; custom_padding_phone=&#8220;50px||50px||true&#8220; global_colors_info=&#8220;{}&#8220;][et_pb_row _builder_version=&#8220;4.16&#8243; _module_preset=&#8220;default&#8220; global_colors_info=&#8220;{}&#8220;][et_pb_column type=&#8220;4_4&#8243; _builder_version=&#8220;4.16&#8243; _module_preset=&#8220;default&#8220; global_colors_info=&#8220;{}&#8220;][et_pb_text _builder_version=&#8220;4.27.4&#8243; _module_preset=&#8220;default&#8220; global_colors_info=&#8220;{}&#8220;]<\/p>\n<p>Wir wissen: Im Alltag ist viel los. Du willst etwas ver\u00e4ndern &#8211; f\u00fcr Dich, f\u00fcr die Tiere, f\u00fcr die Welt. Damit Du nicht zu viel Zeit mit dem Lesen von langem Text verbringst:<\/p>\n<p>Hier eine kurze und einfache Erkl\u00e4rung von wichtigen Punkten von unseren Statuten, also den Regeln des Vereins. So k\u00f6nnen alle Menschen schnell und einfach lesen, worum es geht.<\/p>\n<p>Das sind nicht unsere offiziellen Statuten. Die offiziellen Statuten findest Du <a href=\"https:\/\/www.circle-of-compassion.ch\/de\/statuten\/\">hier<\/a>&#8230;<\/p>\n<h3>Der Verein<\/h3>\n<p>Der Verein heisst: &#8222;Circle of Compassion&#8220; und ist in Basel angemeldet.<br \/>Er will keine Gewinne machen und alle Leute arbeiten ehrenamtlich. Das hei\u00dft: Sie arbeiten in ihrer Freizeit und bekommen keinen Lohn. Sie tun etwas f\u00fcr die Gemeinschaft.<\/p>\n<p>Wenn jemand dem Verein spendet, kann die Person das von den Steuern abziehen.<br \/>Der Verein bekommt nur Geld durch Spenden und Mitglieds-Beitr\u00e4gen.<\/p>\n<p>Wir setzen uns f\u00fcr die Rechte von Tieren ein und wollen eine friedliche Welt f\u00fcr alle Lebewesen. Unser Ziel ist, dass unsere Arbeit bald nicht mehr n\u00f6tig ist, weil es dann keine Ungerechtigkeiten mehr in der Schweiz gibt.<\/p>\n<p>Der Verein informiert \u00fcber den Umgang mit Tieren und was das f\u00fcr die Tiere, die Umwelt, die Politik und die Gesundheit bedeutet. Wir erkl\u00e4ren, warum es wichtig ist, unsere \u00dcberzeugungen zu leben. Wir denken: Es ist gut f\u00fcr alle, wenn Menschen vegan leben.<\/p>\n<p>Wir finden jede Ungerechtigkeit falsch &#8211; egal ob sie Tieren oder Menschen passiert. *<\/p>\n<h3>Wie du uns unterst\u00fctzen kannst<\/h3>\n<p>Es gibt drei Arten von Mitgliedern:<\/p>\n<p>1.\u2060 \u2060Mitglieder (haben ein Stimmrecht bei der j\u00e4hrlichen Hauptversammlung, oder auch Generalversammlung genannt. Sie k\u00f6nnen auch an Aktionen teilnehmen.)<\/p>\n<p>2.\u2060 \u2060Aktive (Sie nehmen an den Aktionen teil und k\u00f6nnen Ideen einbringen. Sie haben aber keine Stimme bei der General-Versammlung.)<\/p>\n<p>3.\u2060 \u2060Spender*innen (unterst\u00fctzen uns durch Geldspenden)<\/p>\n<p>Es gibt ausserdem einen Vereins Vorstand. Dieser besteht aus mindestens 3 Personen. Er wird einmal im Jahr an der Generalversammlung gew\u00e4hlt. Dazu stimmen die Mitglieder ab.<\/p>\n<p>Mitglied kannst du werden, indem du das Kontakt-Formular ausf\u00fcllst. Du musst dann einmal im Jahr einen Mitglieds-Beitrag zahlen.<br \/>Mit deinem Beitrag hilfst du uns, laufende Kosten zu decken, Dinge zu kaufen und Aktionen zu machen.<\/p>\n<p>Der Mitglieds-Beitrag pro Jahr liegt bei 60 Franken.<br \/>Wenn Du arm bist, kannst Du auch 1 Jahr gratis Mitglied werden. Du musst daf\u00fcr aber einen Brief oder eine Mail an den Vorstand schreiben. <br \/>Familien k\u00f6nnen eine Familien-Mitgliedschaft machen. Die Familien zahlen zusammen den Jahres-Beitrag und haben auch nur eine gemeinsame Stimme bei der Mitglieds-Versammlung.<\/p>\n<p>Wenn es n\u00f6tig ist, wird der Beitrag auch ge\u00e4ndert. Dann wird bei der Generalversammlung, die einmal im Jahr stattfindet, dar\u00fcber abgestimmt.<\/p>\n<h3>Ende der Mitgliedschaft<\/h3>\n<p>Die Mitgliedschaft in einem Verein kann auch wieder enden. Das nennt man dann austreten. Es gibt verschiedene Gr\u00fcnde, warum Menschen aus einem Verein austreten.<\/p>\n<p>Du kannst jederzeit aus dem Verein austreten. Du musst Dich 4 Wochen vor der Generalversammlung per Email oder Brief bei uns melden.<\/p>\n<p>Wenn jemand absichtlich dem Verein schadet, oder sich nicht an die Statuten und Prinzipien h\u00e4lt, kann der Vorstand, die Mitgliedschaft beenden.<br \/>Wir hoffen, dass wir das niemals m\u00fcssen \ud83d\ude42<\/p>\n<p>*Randnote:<\/p>\n<p>Wir denken intersektional.<br \/>Das heisst: Jedes Lebewesen ist besonders und hat viele verschiedene Merkmale.<br \/>Diese Merkmale k\u00f6nnen zu Ungerechtigkeit oder Diskriminierung f\u00fchren.<\/p>\n<p>Wir m\u00f6chten, dass alle fair behandelt werden.<br \/>Deshalb setzen wir uns gegen jede Form von Ungerechtigkeit ein.<\/p>\n<p>Wir sehen uns als Tierrechtler, das bedeutet, wir wollen, dass Tiere Rechte haben.<\/p>\n<p>Tierrechtler*innen sagen statt &#8222;Mensch und Tier&#8220; lieber \u201emenschliche\u201c und \u201enicht-menschliche\u201c Tiere.<br \/>So wie Hunde, Katzen oder K\u00fche Tiere sind, sind auch wir Menschen eine Tierart.<br \/>Alle Arten sind unterschiedlich, doch man findet immer wieder auch Gemeinsamkeiten.<\/p>\n<p>Mit dieser Sprache wollen wir zeigen, dass alle Tiere Rechte haben sollen \u2013 nicht nur Menschen. Die Sprache ist ein wichtiger Teil\u00a0 bei grossen Ver\u00e4nderungen in der Gesellschaft.<\/p>\n<p>[\/et_pb_text][\/et_pb_column][\/et_pb_row][\/et_pb_section][et_pb_section fb_built=&#8220;1&#8243; disabled_on=&#8220;off|off|off&#8220; admin_label=&#8220;Follow Along&#8220; _builder_version=&#8220;4.16&#8243; use_background_color_gradient=&#8220;on&#8220; background_color_gradient_stops=&#8220;#ffffff 0%|rgba(255,255,255,0) 52%&#8220; background_color_gradient_overlays_image=&#8220;on&#8220; background_color_gradient_start=&#8220;#ffffff&#8220; background_color_gradient_end=&#8220;rgba(255,255,255,0)&#8220; background_color_gradient_end_position=&#8220;52%&#8220; background_image=&#8220;https:\/\/www.circle-of-compassion.ch\/wp-content\/uploads\/2021\/06\/footer.jpg&#8220; background_position=&#8220;center_right&#8220; custom_padding=&#8220;||34vw|&#8220; global_colors_info=&#8220;{}&#8220;][et_pb_row column_structure=&#8220;1_4,1_2,1_4&#8243; module_class=&#8220; et_pb_row_fullwidth&#8220; _builder_version=&#8220;4.16&#8243; width=&#8220;89%&#8220; width_tablet=&#8220;80%&#8220; width_phone=&#8220;&#8220; width_last_edited=&#8220;on|desktop&#8220; max_width=&#8220;89%&#8220; max_width_tablet=&#8220;80%&#8220; max_width_phone=&#8220;&#8220; max_width_last_edited=&#8220;on|desktop&#8220; custom_margin=&#8220;0px|||&#8220; custom_padding=&#8220;|||&#8220; make_fullwidth=&#8220;on&#8220; global_colors_info=&#8220;{}&#8220;][et_pb_column type=&#8220;1_4&#8243; _builder_version=&#8220;4.16&#8243; custom_padding=&#8220;|||&#8220; global_colors_info=&#8220;{}&#8220; custom_padding__hover=&#8220;|||&#8220;][\/et_pb_column][et_pb_column type=&#8220;1_2&#8243; _builder_version=&#8220;4.16&#8243; custom_padding=&#8220;|||&#8220; global_colors_info=&#8220;{}&#8220; custom_padding__hover=&#8220;|||&#8220;][et_pb_code _builder_version=&#8220;4.16&#8243; _module_preset=&#8220;default&#8220; global_colors_info=&#8220;{}&#8220;]<div id=\"quform-9190a4\" class=\"quform quform-3 quform-theme-minimal quform-support-page-caching\"><form id=\"quform-form-9190a4\" class=\"quform-form quform-form-3\" action=\"\/de\/wp-json\/wp\/v2\/pages\/3466#quform-9190a4\" method=\"post\" enctype=\"multipart\/form-data\" novalidate=\"novalidate\" data-options=\"{&quot;id&quot;:3,&quot;uniqueId&quot;:&quot;9190a4&quot;,&quot;theme&quot;:&quot;minimal&quot;,&quot;ajax&quot;:true,&quot;logic&quot;:{&quot;logic&quot;:[],&quot;dependents&quot;:[],&quot;elementIds&quot;:[],&quot;dependentElementIds&quot;:[],&quot;animate&quot;:true},&quot;currentPageId&quot;:1,&quot;errorsIcon&quot;:&quot;&quot;,&quot;updateFancybox&quot;:true,&quot;hasPages&quot;:false,&quot;pages&quot;:[1],&quot;pageProgressType&quot;:&quot;numbers&quot;,&quot;tooltipsEnabled&quot;:true,&quot;tooltipClasses&quot;:&quot;qtip-quform-dark qtip-shadow&quot;,&quot;tooltipMy&quot;:&quot;left center&quot;,&quot;tooltipAt&quot;:&quot;right center&quot;,&quot;isRtl&quot;:false,&quot;scrollOffset&quot;:-50,&quot;scrollSpeed&quot;:800}\"><button class=\"quform-default-submit\" name=\"quform_submit\" type=\"submit\" value=\"submit\" aria-hidden=\"true\" tabindex=\"-1\"><\/button><div class=\"quform-form-inner quform-form-inner-3\"><input type=\"hidden\" name=\"quform_form_id\" value=\"3\" \/><input type=\"hidden\" name=\"quform_form_uid\" value=\"9190a4\" \/><input type=\"hidden\" name=\"quform_count\" value=\"1\" \/><input type=\"hidden\" name=\"form_url\" value=\"https:\/\/www.circle-of-compassion.ch\/de\/wp-json\/wp\/v2\/pages\/3466\" \/><input type=\"hidden\" name=\"referring_url\" value=\"\" \/><input type=\"hidden\" name=\"post_id\" value=\"\" \/><input type=\"hidden\" name=\"post_title\" value=\"\" \/><input type=\"hidden\" name=\"quform_current_page_id\" value=\"1\" \/><input type=\"hidden\" name=\"quform_csrf_token\" value=\"OrCBXpS9gGI93ALkbse01UTI4sER2X2y3Q7xLDtd\" \/><div class=\"quform-form-title-description\"><h2 class=\"quform-form-title\">Nichts verpassen<\/h2><p class=\"quform-form-description\">Du m\u00f6chtest \u00fcber uns und unsere Aktionen auf dem Laufenden bleiben? Nichts leichter als das - abonniere unseren Newsletter und schon bleibst du stets bestens informiert.<\/p><\/div><div class=\"quform-elements quform-elements-3 quform-cf quform-responsive-elements-phone-landscape\"><div class=\"quform-element quform-element-page quform-page-1 quform-page-3_1 quform-cf quform-group-style-plain quform-first-page quform-last-page quform-current-page\"><div class=\"quform-child-elements\"><div class=\"quform-element quform-element-email quform-element-3_3 quform-cf quform-element-required\"><div class=\"quform-spacer\"><div class=\"quform-label quform-label-3_3\"><label class=\"quform-label-text\" for=\"quform_3_3_9190a4\">E-Mail-Adresse *<span class=\"quform-required\">*<\/span><\/label><\/div><div class=\"quform-inner quform-inner-email quform-inner-3_3\"><div class=\"quform-input quform-input-email quform-input-3_3 quform-cf\"><input type=\"email\" id=\"quform_3_3_9190a4\" name=\"quform_3_3\" class=\"quform-field quform-field-email quform-field-3_3\" placeholder=\"E-Mail-Adresse *\" \/><\/div><\/div><\/div><\/div><div class=\"quform-element quform-element-submit quform-element-3_2 quform-cf quform-button-style-theme\"><div class=\"quform-button-submit quform-button-submit-default quform-button-submit-3_2\"><button name=\"quform_submit\" type=\"submit\" class=\"quform-submit\" value=\"submit\"><span class=\"quform-button-text quform-button-submit-text\">Abonnieren<\/span><\/button><\/div><div class=\"quform-loading quform-loading-position-left quform-loading-type-spinner-1\"><div class=\"quform-loading-inner\"><div class=\"quform-loading-spinner\"><div class=\"quform-loading-spinner-inner\"><\/div><\/div><\/div><\/div><\/div><div class=\"quform-element quform-element-recaptcha quform-element-3_5 quform-cf quform-element-required\"><div class=\"quform-spacer\"><div class=\"quform-inner quform-inner-recaptcha quform-inner-3_5\"><div class=\"quform-input quform-input-recaptcha quform-input-3_5 quform-cf\"><div class=\"quform-recaptcha\" data-config=\"{&quot;sitekey&quot;:&quot;6LfUP_4pAAAAAMIT7VBxV9sX2FMeS3p0esLjvGix&quot;,&quot;_version&quot;:&quot;v3&quot;,&quot;size&quot;:&quot;invisible&quot;,&quot;type&quot;:&quot;image&quot;,&quot;theme&quot;:&quot;light&quot;,&quot;badge&quot;:&quot;inline&quot;}\"><\/div><noscript>Please enable JavaScript to submit this form.<\/noscript><\/div><\/div><\/div><\/div><div class=\"quform-element-tree\"><label for=\"quform_3_0_9190a4\">Dieses Feld sollte nicht ausgef\u00fcllt werden<\/label><input type=\"text\" id=\"quform_3_0_9190a4\" name=\"quform_3_0\" class=\"quform-field quform-field-tree quform-field-3_0\" tabindex=\"-1\" autocomplete=\"off\" \/><\/div><\/div><\/div><\/div><\/div><\/form><\/div>[\/et_pb_code][et_pb_social_media_follow _builder_version=&#8220;4.16&#8243; text_orientation=&#8220;center&#8220; background_layout=&#8220;dark&#8220; module_alignment=&#8220;right&#8220; custom_margin=&#8220;|||&#8220; animation_style=&#8220;slide&#8220; animation_direction=&#8220;top&#8220; border_radii=&#8220;on|100%|100%|100%|100%&#8220; global_colors_info=&#8220;{}&#8220;][et_pb_social_media_follow_network social_network=&#8220;facebook&#8220; url=&#8220;https:\/\/www.facebook.com\/CircleOfCompassionSwitzerland&#8220; _builder_version=&#8220;4.16&#8243; background_color=&#8220;rgba(0,0,0,0.1)&#8220; custom_margin=&#8220;|10px||10px||true&#8220; custom_padding=&#8220;10px|10px|10px|10px|true|true&#8220; global_colors_info=&#8220;{}&#8220; follow_button=&#8220;off&#8220; url_new_window=&#8220;on&#8220;]facebook[\/et_pb_social_media_follow_network][et_pb_social_media_follow_network social_network=&#8220;instagram&#8220; url=&#8220;https:\/\/www.instagram.com\/circleofcompassionswitzerland\/&#8220; _builder_version=&#8220;4.16&#8243; background_color=&#8220;rgba(0,0,0,0.1)&#8220; custom_margin=&#8220;|10px||10px||true&#8220; custom_padding=&#8220;10px|10px|10px|10px|true|true&#8220; global_colors_info=&#8220;{}&#8220; follow_button=&#8220;off&#8220; url_new_window=&#8220;on&#8220;]instagram[\/et_pb_social_media_follow_network][\/et_pb_social_media_follow][\/et_pb_column][et_pb_column type=&#8220;1_4&#8243; _builder_version=&#8220;4.16&#8243; custom_padding=&#8220;|||&#8220; global_colors_info=&#8220;{}&#8220; custom_padding__hover=&#8220;|||&#8220;][\/et_pb_column][\/et_pb_row][\/et_pb_section]<\/p>\n","protected":false},"excerpt":{"rendered":"<p>Wir wissen: Im Alltag ist viel los. Du willst etwas ver\u00e4ndern &#8211; f\u00fcr Dich, f\u00fcr die Tiere, f\u00fcr die Welt. Damit Du nicht zu viel Zeit mit dem Lesen von langem Text verbringst: Hier eine kurze und einfache Erkl\u00e4rung von wichtigen Punkten von unseren Statuten, also den Regeln des Vereins. So k\u00f6nnen alle Menschen schnell [&hellip;]<\/p>\n","protected":false},"author":2,"featured_media":0,"parent":0,"menu_order":55,"comment_status":"closed","ping_status":"closed","template":"","meta":{"_et_pb_use_builder":"on","_et_pb_old_content":"","_et_gb_content_width":"","footnotes":""},"class_list":["post-3466","page","type-page","status-publish","hentry"],"acf":[],"_links":{"self":[{"href":"https:\/\/www.circle-of-compassion.ch\/de\/wp-json\/wp\/v2\/pages\/3466","targetHints":{"allow":["GET"]}}],"collection":[{"href":"https:\/\/www.circle-of-compassion.ch\/de\/wp-json\/wp\/v2\/pages"}],"about":[{"href":"https:\/\/www.circle-of-compassion.ch\/de\/wp-json\/wp\/v2\/types\/page"}],"author":[{"embeddable":true,"href":"https:\/\/www.circle-of-compassion.ch\/de\/wp-json\/wp\/v2\/users\/2"}],"replies":[{"embeddable":true,"href":"https:\/\/www.circle-of-compassion.ch\/de\/wp-json\/wp\/v2\/comments?post=3466"}],"version-history":[{"count":2,"href":"https:\/\/www.circle-of-compassion.ch\/de\/wp-json\/wp\/v2\/pages\/3466\/revisions"}],"predecessor-version":[{"id":3473,"href":"https:\/\/www.circle-of-compassion.ch\/de\/wp-json\/wp\/v2\/pages\/3466\/revisions\/3473"}],"wp:attachment":[{"href":"https:\/\/www.circle-of-compassion.ch\/de\/wp-json\/wp\/v2\/media?parent=3466"}],"curies":[{"name":"wp","href":"https:\/\/api.w.org\/{rel}","templated":true}]}}