{"id":380,"date":"2021-06-23T12:04:27","date_gmt":"2021-06-23T12:04:27","guid":{"rendered":"https:\/\/circle-of-compassion.ch\/wordpress\/?page_id=380"},"modified":"2025-03-17T08:31:23","modified_gmt":"2025-03-17T08:31:23","slug":"statuten","status":"publish","type":"page","link":"https:\/\/www.circle-of-compassion.ch\/de\/statuten\/","title":{"rendered":"Statuten"},"content":{"rendered":"<p>[et_pb_section fb_built=&#8220;1&#8243; fullwidth=&#8220;on&#8220; admin_label=&#8220;Header&#8220; _builder_version=&#8220;4.16&#8243; background_color=&#8220;#b7b9c7&#8243; custom_padding=&#8220;0px|0|0px|0px|false|false&#8220; locked=&#8220;off&#8220; global_colors_info=&#8220;{}&#8220;][et_pb_fullwidth_header title=&#8220;Statuten&#8220; subhead=&#8220;Vereinsstatuten 2020&#8243; text_orientation=&#8220;center&#8220; background_overlay_color=&#8220;rgba(83,90,128,0.3)&#8220; content_max_width=&#8220;90%&#8220; _builder_version=&#8220;4.16&#8243; title_font=&#8220;Noto Serif|700|||||||&#8220; title_text_align=&#8220;center&#8220; title_font_size=&#8220;70px&#8220; title_line_height=&#8220;1.1em&#8220; content_font=&#8220;Noto Sans||||||||&#8220; content_font_size=&#8220;18px&#8220; content_line_height=&#8220;2em&#8220; subhead_font=&#8220;Noto Sans||||||||&#8220; subhead_text_align=&#8220;center&#8220; subhead_font_size=&#8220;30px&#8220; subhead_line_height=&#8220;2em&#8220; background_color=&#8220;rgba(255,255,255,0)&#8220; background_image=&#8220;https:\/\/www.circle-of-compassion.ch\/wp-content\/uploads\/2021\/06\/header_temp.jpg&#8220; parallax=&#8220;on&#8220; parallax_method=&#8220;on&#8220; custom_button_one=&#8220;on&#8220; button_one_text_size=&#8220;17px&#8220; button_one_text_color=&#8220;#ffffff&#8220; button_one_bg_color=&#8220;#ff6b5a&#8220; button_one_border_width=&#8220;7px&#8220; button_one_border_color=&#8220;#ff6b5a&#8220; button_one_border_radius=&#8220;100px&#8220; button_one_font=&#8220;Noto Sans|700||on|||||&#8220; button_one_use_icon=&#8220;off&#8220; custom_margin=&#8220;|||&#8220; custom_padding=&#8220;110px||110px||true&#8220; custom_padding_tablet=&#8220;100px|||&#8220; custom_padding_phone=&#8220;&#8220; custom_padding_last_edited=&#8220;on|phone&#8220; animation_style=&#8220;fade&#8220; animation_direction=&#8220;top&#8220; title_font_size_tablet=&#8220;40px&#8220; title_font_size_phone=&#8220;&#8220; title_font_size_last_edited=&#8220;on|tablet&#8220; subhead_font_size_tablet=&#8220;&#8220; subhead_font_size_phone=&#8220;20px&#8220; subhead_font_size_last_edited=&#8220;on|desktop&#8220; subhead_line_height_tablet=&#8220;&#8220; subhead_line_height_phone=&#8220;1.5em&#8220; subhead_line_height_last_edited=&#8220;on|phone&#8220; button_one_text_color_hover=&#8220;#ffffff&#8220; button_one_border_color_hover=&#8220;#ff9e59&#8243; button_one_border_radius_hover=&#8220;100px&#8220; button_one_bg_color_hover=&#8220;#ff9e59&#8243; global_colors_info=&#8220;{}&#8220; button_one_text_size__hover_enabled=&#8220;off&#8220; button_two_text_size__hover_enabled=&#8220;off&#8220; button_one_text_color__hover_enabled=&#8220;on&#8220; button_one_text_color__hover=&#8220;#ffffff&#8220; button_two_text_color__hover_enabled=&#8220;off&#8220; button_one_border_width__hover_enabled=&#8220;off&#8220; button_two_border_width__hover_enabled=&#8220;off&#8220; button_one_border_color__hover_enabled=&#8220;on&#8220; button_one_border_color__hover=&#8220;#ff9e59&#8243; button_two_border_color__hover_enabled=&#8220;off&#8220; button_one_border_radius__hover_enabled=&#8220;on&#8220; button_one_border_radius__hover=&#8220;100px&#8220; button_two_border_radius__hover_enabled=&#8220;off&#8220; button_one_letter_spacing__hover_enabled=&#8220;off&#8220; button_two_letter_spacing__hover_enabled=&#8220;off&#8220; button_one_bg_color__hover_enabled=&#8220;on&#8220; button_one_bg_color__hover=&#8220;#ff9e59&#8243; button_two_bg_color__hover_enabled=&#8220;off&#8220;][\/et_pb_fullwidth_header][\/et_pb_section][et_pb_section fb_built=&#8220;1&#8243; custom_padding_last_edited=&#8220;on|phone&#8220; admin_label=&#8220;Contact&#8220; _builder_version=&#8220;4.16&#8243; custom_padding=&#8220;100px|0px|100px|0px|true|false&#8220; custom_padding_tablet=&#8220;&#8220; custom_padding_phone=&#8220;50px||50px||true&#8220; global_colors_info=&#8220;{}&#8220;][et_pb_row _builder_version=&#8220;4.16&#8243; _module_preset=&#8220;default&#8220; global_colors_info=&#8220;{}&#8220;][et_pb_column type=&#8220;4_4&#8243; _builder_version=&#8220;4.16&#8243; _module_preset=&#8220;default&#8220; global_colors_info=&#8220;{}&#8220;][et_pb_text _builder_version=&#8220;4.27.4&#8243; _module_preset=&#8220;default&#8220; hover_enabled=&#8220;0&#8243; global_colors_info=&#8220;{}&#8220; sticky_enabled=&#8220;0&#8243;]<\/p>\n<h3>I. Name und Sitz<\/h3>\n<h4>Art. 1 Name, Rechtsform, Sitz<\/h4>\n<p>\u200b<\/p>\n<h3>II. Vereinszweck<\/h3>\n<h4>Art. 2 Zweck und Ziel<\/h4>\n<p style=\"font-weight: 400;\">Der Verein verfolgt das Ziel, sich f\u00fcr die W\u00fcrde und Rechte von Tieren einzusetzen. Auch m\u00f6chte der Verein, dass Ungerechtigkeiten in Bezug auf Menschen beendet werden. Er verfolgt dabei das 10-Jahres-Ziel, dass es bis dahin seine Arbeit in der Schweiz nicht mehr braucht. Im Zentrum steht die Aufkl\u00e4rungsarbeit \u00fcber die ethischen, \u00f6kologischen, politischen und gesundheitlichen Aspekte unseres Umgangs mit Tieren. Die Erbringung von geldwerten Vorteilen durch den Verein zugunsten der Vereinsmitglieder ist ausgeschlossen. Der Verein ist nicht gewinnorientiert.<\/p>\n<h3>III. Mitgliedschaft<\/h3>\n<h4>Art. 3 Unterst\u00fctzungsarten<\/h4>\n<p>Der Verein setzt sich folgendermassen zusammen:<\/p>\n<p>a. Mitglieder<br \/>b.\u00a0Aktive<br \/>Auch Personen, die nicht Mitglied des Vereins sind, k\u00f6nnen an deren Aktionen teilnehmen und Verbesserungsvorschl\u00e4ge an den Verein richten. Allerdings k\u00f6nnen nur Mitglieder an der Generalversammlung abstimmen.<\/p>\n<p>c. Spender*innen<br \/>Spenderinnen und Spender unterst\u00fctzen den Verein finanziell nach ihrem Gutd\u00fcnken, sind aber keine Mitglieder.<\/p>\n<h4>Art. 4 Aufnahme von Mitgliedern<\/h4>\n<p>Mitglieder des Vereins k\u00f6nnen nat\u00fcrliche und juristische Personen werden, welche Ziel und Zweck des Vereins anerkennen und zu f\u00f6rdern bereit sind. Aufnahmegesuche sind schriftlich \u00fcber die Homepage an den Vereinsvorstand zu richten, welcher \u00fcber die Aufnahme entscheidet. Diese kann ohne Angabe von Gr\u00fcnden verweigert werden.<\/p>\n<h4>Art. 5 Mitgliederbeitrag<\/h4>\n<p>Zur Verfolgung des Vereinszweckes verf\u00fcgt der Verein \u00fcber die Beitr\u00e4ge der Mitglieder.<\/p>\n<p>J\u00e4hrlicher Mitgliedsbeitrag: 60 Fr.<\/p>\n<p style=\"font-weight: 400;\">Es besteht die M\u00f6glichkeit einer 1-j\u00e4hrigen-Gratis-Mitgliedschaft f\u00fcr nichtverdienende Personen.\u00a0Daf\u00fcr muss ein Gesuch an den Vorstand gestellt werden.\u00a0Familien k\u00f6nnen eine Familien-Mitgliedschaft abschliessen, zahlen als Gruppe lediglich den Jahresbeitrag und haben eine gemeinsame Stimme bei der Mitgliederversammlung.<\/p>\n<p>Die Beitragsh\u00f6he kann j\u00e4hrlich von der Mitgliederversammlung neu festgelegt werden.<\/p>\n<h4>Art. 6 Ende der Mitgliedschaft<\/h4>\n<p>Die Mitgliedschaft erlischt durch<\/p>\n<ol style=\"list-style-type: lower-alpha;\">\n<li>Austritt<\/li>\n<li>Ausschluss<\/li>\n<li>Todesfall<\/li>\n<\/ol>\n<p>Ein Vereinsaustritt ist jederzeit m\u00f6glich, muss aber schriftlich erfolgen.<\/p>\n<p style=\"font-weight: 400;\">Ein Vereinsaustritt ist jederzeit m\u00f6glich, muss aber schriftlich erfolgen. Der Ausschluss kann vom Vorstand gegen jedes Mitglied ausgesprochen werden, welches sich eines unehrenhaften Verhaltens schuldig macht oder welches die Interessen des Vereins sch\u00e4digt. Ein Mitglied kann in besonderen F\u00e4llen durch den Vorstand ohne Angabe von Gr\u00fcnden ausgeschlossen werden. Der Beschluss des Ausschlusses erfolgt in der Regel nur nach Anh\u00f6rung des Mitgliedes, wird diesem schriftlich mitgeteilt und gilt sofort.<\/p>\n<h3>IV. Organisation<\/h3>\n<h4>Art. 7 Organe<\/h4>\n<p>Die Organe des Vereins sind:<\/p>\n<ol style=\"list-style-type: lower-alpha;\">\n<li>Die Generalversammlung<\/li>\n<li>Der Vorstand<\/li>\n<li>Die Revisionsstelle (fakultativ)<\/li>\n<\/ol>\n<p style=\"font-weight: 400;\">Die Organe des Vereins sind ehrenamtlich t\u00e4tig und haben keinen grunds\u00e4tzlichen Anspruch auf Entsch\u00e4digung ihrer Spesen und Barauslagen. In Ausnahmef\u00e4llen kann der Vorstand die Entsch\u00e4digung von effektiven Spesen und Barauslagen jedoch bewilligen.<\/p>\n<h3>V. Generalversammlung<\/h3>\n<h4>Art. 8 ordentliche Generalversammlung<\/h4>\n<p>Die ordentliche Generalversammlung findet allj\u00e4hrlich statt. Die Einladung zur Generalversammlung erfolgt unter Einhaltung einer Frist von mindestens vier Wochen schriftlich durch den Vorstand unter Angabe der Traktanden. Antr\u00e4ge zuhanden der Generalversammlung sind sp\u00e4testens zwei Wochen im Voraus schriftlich an den Vorstand zu richten.<\/p>\n<h4>Art. 9 ausserordentliche Generalversammlung<\/h4>\n<p style=\"font-weight: 400;\">Eine ausserordentliche Generalversammlung ist auf Beschluss des Vorstandes, auf Antrag von mindestens einem F\u00fcnftel der Mitglieder oder auf Antrag der Revisionsstelle einzuberufen. Die Einladung hat zehn Tage vor der Versammlung zu erfolgen.<\/p>\n<h4>Art. 10 Kompetenzen der Generalversammlung<\/h4>\n<p>Die Aufgaben und Kompetenzen der Generalversammlung sind folgende:<\/p>\n<ol style=\"list-style-type: lower-alpha;\">\n<li>Abnahme des Jahresberichts, der Jahresrechnung und der Bilanz sowie des Berichts der Revisionsstelle<\/li>\n<li>Entlastung des Vorstandes und der Revisionsstelle<\/li>\n<li>Festsetzen der Mitgliederbeitr\u00e4ge<\/li>\n<li>Wahl der Pr\u00e4sidentschaft, der \u00fcbrigen Vorstandsmitglieder und der Revisionsstelle<\/li>\n<li>Behandlung von Antr\u00e4gen des Vorstands und der Mitglieder, Erledigung von Rekursen<\/li>\n<li>\u00c4nderung der Statuten<\/li>\n<li>Aufl\u00f6sung des Vereins und Bestimmung \u00fcber das Vereinsverm\u00f6gen<\/li>\n<\/ol>\n<h4>Art. 11 Beschlussfassung, Wahlen und Stimmrecht<\/h4>\n<p>Alle anwesenden Mitglieder haben eine Stimme und somit das gleiche Stimmrecht. Beschl\u00fcsse an der Generalversammlung werden in offener Abstimmung mit einfachem Mehr gefasst. Die Abstimmung erfolgt nur dann geheim, wenn dies ausdr\u00fccklich von der Mehrheit erw\u00fcnscht wird. Bei Stimmengleichheit hat die Pr\u00e4sidentschaft den Stichentscheid.<\/p>\n<p>Bei der Beschlussfassung \u00fcber die D\u00e9charge, \u00fcber ein Rechtsgesch\u00e4ft oder einen Rechtsstreit zwischen ihm und dem Verein, ist das betroffene Mitglied vom Stimmrecht ausgeschlossen.<\/p>\n<p>Personen, die nicht Mitglied sind, aber sich aktiv an den Aktionen des Vereins oder durch Spenden beteiligen, k\u00f6nnen der Generalversammlung beiwohnen. Sie haben jedoch kein Stimmrecht.<\/p>\n<p>Zirkularbeschl\u00fcsse werden mit Mehrheit der Stimmen der antwortenden Mitglieder gefasst.<\/p>\n<h3>VI. Vorstand<\/h3>\n<h4>Art. 12 Wahl, Amtsdauer und Konstituierung<\/h4>\n<p>Der Vorstand besteht aus mindestens drei Mitgliedern und wird von der Generalversammlung auf eine Amtsdauer von einem Jahr gew\u00e4hlt. Er konstituiert sich selbst.<\/p>\n<h4>Art. 13 Aufgaben und Kompetenzen<\/h4>\n<p>Der Vorstand vertritt den Verein nach aussen. Ihm stehen grunds\u00e4tzlich alle Befugnisse zu, welche nicht ausdr\u00fccklich der Hauptversammlung vorbehalten sind. Es sind dies insbesondere:<\/p>\n<ol style=\"list-style-type: lower-alpha;\">\n<li>Vorbereitung und Durchf\u00fchrung der ordentlichen und ausserordentlichen Generalversammlungen<\/li>\n<li>Ausarbeiten von Statuten, Antr\u00e4gen und Reglementen<\/li>\n<li>Aufnahme und Ausschluss von Mitgliedern<\/li>\n<li>Verwaltung des Vereinsverm\u00f6gens<\/li>\n<\/ol>\n<h4>Art. 14 Beschlussfassung<\/h4>\n<p style=\"font-weight: 400;\">Eine Vorstandssitzung wird einberufen auf Antrag der Pr\u00e4sidentschaft oder auf Verlangen eines Vorstandsmitgliedes. Bei Stimmengleichheit hat das Pr\u00e4sidium den Stichentscheid. Scheiden \u00a0Vorstandsmitglieder w\u00e4hrend der Amtsdauer aus, erg\u00e4nzt sich der Vorstand von selbst. Solche Wahlen sind an der n\u00e4chsten Generalversammlung zur Best\u00e4tigung vorzulegen.<\/p>\n<h3>VII. Revisor*innen<\/h3>\n<h4>Art. 15 Aufgabe der Revisionsstelle<\/h4>\n<p>Die Generalversammlung kann j\u00e4hrlich zwei Rechnungsrevisor*innen w\u00e4hlen, welche die Jahresrechnung und Bilanz kontrollieren, sowie der Generalversammlung Bericht erstatten.<\/p>\n<h3>VIII. Das Vereinsverm\u00f6gen<\/h3>\n<h4>Art. 16 Einnahmequellen<\/h4>\n<p>Das Verm\u00f6gen bildet sich aus den Mitgliederbeitr\u00e4gen und Spenden.<\/p>\n<h4>Art. 17 Haftung<\/h4>\n<p>F\u00fcr die Verbindlichkeiten des Vereins haftet ausschliesslich das Vereinsverm\u00f6gen. Die pers\u00f6nliche Haftbarkeit der Mitglieder f\u00fcr die Verbindlichkeiten des Vereins ist ausgeschlossen. Mitglieder, deren<br \/>Mitgliedschaft vor einer allf\u00e4lligen Aufl\u00f6sung des Vereins erlischt, haben keinen Anspruch auf das Vereinsverm\u00f6gen.<\/p>\n<h3>IX. Statuten\u00e4nderung und Aufl\u00f6sung<\/h3>\n<h4>Art. 18 Voraussetzungen<\/h4>\n<p style=\"font-weight: 400;\">F\u00fcr die Vereinsaufl\u00f6sung ist die Anwesenheit von mindestens drei Vierteln aller Mitglieder erforderlich. F\u00fcr die Annahme eines solchen Antrages ist Dreiviertel-Mehrheit notwendig. Erreicht die Zahl der Stimmberechtigten die erforderliche W\u00e4hler-Verh\u00e4ltniszahl nicht, so ist innerhalb von sechs Wochen eine zweite Hauptversammlung mit den gleichen Traktanden einzuberufen. Diese ist beschlussf\u00e4hig, ohne R\u00fccksicht auf die Zahl der Mitglieder.<\/p>\n<p style=\"font-weight: 400;\">Auch Statuten\u00e4nderungen brauchen eine Dreiviertel-Mehrheit. Sie k\u00f6nnen auch \u00fcber einen Zirkularbeschluss vollzogen werden.<\/p>\n<h4>Art. 19 Zuwendung Vereinsverm\u00f6gen nach Aufl\u00f6sung<\/h4>\n<p style=\"font-weight: 400;\">Bei einer Aufl\u00f6sung des Vereins f\u00e4llt das Vereinsverm\u00f6gen an eine oder mehrere steuerbefreite Institutionen, welche den gleichen oder einen \u00e4hnlichen Zweck verfolgt bzw. verfolgen. Die Generalversammlung bestimmt \u00fcber die Aufteilung des Liquidationserl\u00f6ses und ben\u00f6tigt daf\u00fcr ein Stimmenmehr von zwei Dritteln der anwesenden Mitglieder. Dieser Artikel ist unab\u00e4nderlich.<\/p>\n<p>Diese Statuten wurden in der vorliegenden Form von der Pr\u00e4sidentschaft erstellt und von den Vorstandsmitgliedern akzeptiert. \u00dcber die endg\u00fcltige Annahme wird bei der n\u00e4chsten Generalversammlung von den Mitgliedern abgestimmt.<\/p>\n<p>[\/et_pb_text][\/et_pb_column][\/et_pb_row][\/et_pb_section][et_pb_section fb_built=&#8220;1&#8243; disabled_on=&#8220;off|off|off&#8220; admin_label=&#8220;Follow Along&#8220; _builder_version=&#8220;4.16&#8243; use_background_color_gradient=&#8220;on&#8220; background_color_gradient_stops=&#8220;#ffffff 0%|rgba(255,255,255,0) 52%&#8220; background_color_gradient_overlays_image=&#8220;on&#8220; background_color_gradient_start=&#8220;#ffffff&#8220; background_color_gradient_end=&#8220;rgba(255,255,255,0)&#8220; background_color_gradient_end_position=&#8220;52%&#8220; background_image=&#8220;https:\/\/www.circle-of-compassion.ch\/wp-content\/uploads\/2021\/06\/footer.jpg&#8220; background_position=&#8220;center_right&#8220; custom_padding=&#8220;||34vw|&#8220; global_colors_info=&#8220;{}&#8220;][et_pb_row column_structure=&#8220;1_4,1_2,1_4&#8243; module_class=&#8220; et_pb_row_fullwidth&#8220; _builder_version=&#8220;4.16&#8243; width=&#8220;89%&#8220; width_tablet=&#8220;80%&#8220; width_phone=&#8220;&#8220; width_last_edited=&#8220;on|desktop&#8220; max_width=&#8220;89%&#8220; max_width_tablet=&#8220;80%&#8220; max_width_phone=&#8220;&#8220; max_width_last_edited=&#8220;on|desktop&#8220; custom_margin=&#8220;0px|||&#8220; custom_padding=&#8220;|||&#8220; make_fullwidth=&#8220;on&#8220; global_colors_info=&#8220;{}&#8220;][et_pb_column type=&#8220;1_4&#8243; _builder_version=&#8220;4.16&#8243; custom_padding=&#8220;|||&#8220; global_colors_info=&#8220;{}&#8220; custom_padding__hover=&#8220;|||&#8220;][\/et_pb_column][et_pb_column type=&#8220;1_2&#8243; _builder_version=&#8220;4.16&#8243; custom_padding=&#8220;|||&#8220; global_colors_info=&#8220;{}&#8220; custom_padding__hover=&#8220;|||&#8220;][et_pb_code _builder_version=&#8220;4.16&#8243; _module_preset=&#8220;default&#8220; global_colors_info=&#8220;{}&#8220;]<div id=\"quform-3730b7\" class=\"quform quform-3 quform-theme-minimal quform-support-page-caching\"><form id=\"quform-form-3730b7\" class=\"quform-form quform-form-3\" action=\"\/de\/wp-json\/wp\/v2\/pages\/380#quform-3730b7\" method=\"post\" enctype=\"multipart\/form-data\" novalidate=\"novalidate\" data-options=\"{&quot;id&quot;:3,&quot;uniqueId&quot;:&quot;3730b7&quot;,&quot;theme&quot;:&quot;minimal&quot;,&quot;ajax&quot;:true,&quot;logic&quot;:{&quot;logic&quot;:[],&quot;dependents&quot;:[],&quot;elementIds&quot;:[],&quot;dependentElementIds&quot;:[],&quot;animate&quot;:true},&quot;currentPageId&quot;:1,&quot;errorsIcon&quot;:&quot;&quot;,&quot;updateFancybox&quot;:true,&quot;hasPages&quot;:false,&quot;pages&quot;:[1],&quot;pageProgressType&quot;:&quot;numbers&quot;,&quot;tooltipsEnabled&quot;:true,&quot;tooltipClasses&quot;:&quot;qtip-quform-dark qtip-shadow&quot;,&quot;tooltipMy&quot;:&quot;left center&quot;,&quot;tooltipAt&quot;:&quot;right center&quot;,&quot;isRtl&quot;:false,&quot;scrollOffset&quot;:-50,&quot;scrollSpeed&quot;:800}\"><button class=\"quform-default-submit\" name=\"quform_submit\" type=\"submit\" value=\"submit\" aria-hidden=\"true\" tabindex=\"-1\"><\/button><div class=\"quform-form-inner quform-form-inner-3\"><input type=\"hidden\" name=\"quform_form_id\" value=\"3\" \/><input type=\"hidden\" name=\"quform_form_uid\" value=\"3730b7\" \/><input type=\"hidden\" name=\"quform_count\" value=\"1\" \/><input type=\"hidden\" name=\"form_url\" value=\"https:\/\/www.circle-of-compassion.ch\/de\/wp-json\/wp\/v2\/pages\/380\" \/><input type=\"hidden\" name=\"referring_url\" value=\"\" \/><input type=\"hidden\" name=\"post_id\" value=\"\" \/><input type=\"hidden\" name=\"post_title\" value=\"\" \/><input type=\"hidden\" name=\"quform_current_page_id\" value=\"1\" \/><input type=\"hidden\" name=\"quform_csrf_token\" value=\"FGk9XXARkcCuXAxfOmGuHgmjDkTIkx57PnCcNY1M\" \/><div class=\"quform-form-title-description\"><h2 class=\"quform-form-title\">Nichts verpassen<\/h2><p class=\"quform-form-description\">Du m\u00f6chtest \u00fcber uns und unsere Aktionen auf dem Laufenden bleiben? Nichts leichter als das - abonniere unseren Newsletter und schon bleibst du stets bestens informiert.<\/p><\/div><div class=\"quform-elements quform-elements-3 quform-cf quform-responsive-elements-phone-landscape\"><div class=\"quform-element quform-element-page quform-page-1 quform-page-3_1 quform-cf quform-group-style-plain quform-first-page quform-last-page quform-current-page\"><div class=\"quform-child-elements\"><div class=\"quform-element quform-element-email quform-element-3_3 quform-cf quform-element-required\"><div class=\"quform-spacer\"><div class=\"quform-label quform-label-3_3\"><label class=\"quform-label-text\" for=\"quform_3_3_3730b7\">E-Mail-Adresse *<span class=\"quform-required\">*<\/span><\/label><\/div><div class=\"quform-inner quform-inner-email quform-inner-3_3\"><div class=\"quform-input quform-input-email quform-input-3_3 quform-cf\"><input type=\"email\" id=\"quform_3_3_3730b7\" name=\"quform_3_3\" class=\"quform-field quform-field-email quform-field-3_3\" placeholder=\"E-Mail-Adresse *\" \/><\/div><\/div><\/div><\/div><div class=\"quform-element quform-element-submit quform-element-3_2 quform-cf quform-button-style-theme\"><div class=\"quform-button-submit quform-button-submit-default quform-button-submit-3_2\"><button name=\"quform_submit\" type=\"submit\" class=\"quform-submit\" value=\"submit\"><span class=\"quform-button-text quform-button-submit-text\">Abonnieren<\/span><\/button><\/div><div class=\"quform-loading quform-loading-position-left quform-loading-type-spinner-1\"><div class=\"quform-loading-inner\"><div class=\"quform-loading-spinner\"><div class=\"quform-loading-spinner-inner\"><\/div><\/div><\/div><\/div><\/div><div class=\"quform-element quform-element-recaptcha quform-element-3_5 quform-cf quform-element-required\"><div class=\"quform-spacer\"><div class=\"quform-inner quform-inner-recaptcha quform-inner-3_5\"><div class=\"quform-input quform-input-recaptcha quform-input-3_5 quform-cf\"><div class=\"quform-recaptcha\" data-config=\"{&quot;sitekey&quot;:&quot;6LfUP_4pAAAAAMIT7VBxV9sX2FMeS3p0esLjvGix&quot;,&quot;_version&quot;:&quot;v3&quot;,&quot;size&quot;:&quot;invisible&quot;,&quot;type&quot;:&quot;image&quot;,&quot;theme&quot;:&quot;light&quot;,&quot;badge&quot;:&quot;inline&quot;}\"><\/div><noscript>Please enable JavaScript to submit this form.<\/noscript><\/div><\/div><\/div><\/div><div class=\"quform-element-tree\"><label for=\"quform_3_0_3730b7\">Dieses Feld sollte nicht ausgef\u00fcllt werden<\/label><input type=\"text\" id=\"quform_3_0_3730b7\" name=\"quform_3_0\" class=\"quform-field quform-field-tree quform-field-3_0\" tabindex=\"-1\" autocomplete=\"off\" \/><\/div><\/div><\/div><\/div><\/div><\/form><\/div>[\/et_pb_code][et_pb_social_media_follow _builder_version=&#8220;4.16&#8243; text_orientation=&#8220;center&#8220; background_layout=&#8220;dark&#8220; module_alignment=&#8220;right&#8220; custom_margin=&#8220;|||&#8220; animation_style=&#8220;slide&#8220; animation_direction=&#8220;top&#8220; border_radii=&#8220;on|100%|100%|100%|100%&#8220; global_colors_info=&#8220;{}&#8220;][et_pb_social_media_follow_network social_network=&#8220;facebook&#8220; url=&#8220;https:\/\/www.facebook.com\/CircleOfCompassionSwitzerland&#8220; _builder_version=&#8220;4.16&#8243; background_color=&#8220;rgba(0,0,0,0.1)&#8220; custom_margin=&#8220;|10px||10px||true&#8220; custom_padding=&#8220;10px|10px|10px|10px|true|true&#8220; global_colors_info=&#8220;{}&#8220; follow_button=&#8220;off&#8220; url_new_window=&#8220;on&#8220;]facebook[\/et_pb_social_media_follow_network][et_pb_social_media_follow_network social_network=&#8220;instagram&#8220; url=&#8220;https:\/\/www.instagram.com\/circleofcompassionswitzerland\/&#8220; _builder_version=&#8220;4.16&#8243; background_color=&#8220;rgba(0,0,0,0.1)&#8220; custom_margin=&#8220;|10px||10px||true&#8220; custom_padding=&#8220;10px|10px|10px|10px|true|true&#8220; global_colors_info=&#8220;{}&#8220; follow_button=&#8220;off&#8220; url_new_window=&#8220;on&#8220;]instagram[\/et_pb_social_media_follow_network][\/et_pb_social_media_follow][\/et_pb_column][et_pb_column type=&#8220;1_4&#8243; _builder_version=&#8220;4.16&#8243; custom_padding=&#8220;|||&#8220; global_colors_info=&#8220;{}&#8220; custom_padding__hover=&#8220;|||&#8220;][\/et_pb_column][\/et_pb_row][\/et_pb_section]<\/p>\n","protected":false},"excerpt":{"rendered":"<p>I. Name und Sitz Art. 1 Name, Rechtsform, Sitz \u200b II. Vereinszweck Art. 2 Zweck und Ziel Der Verein verfolgt das Ziel, sich f\u00fcr die W\u00fcrde und Rechte von Tieren einzusetzen. Auch m\u00f6chte der Verein, dass Ungerechtigkeiten in Bezug auf Menschen beendet werden. Er verfolgt dabei das 10-Jahres-Ziel, dass es bis dahin seine Arbeit in [&hellip;]<\/p>\n","protected":false},"author":1,"featured_media":0,"parent":0,"menu_order":58,"comment_status":"closed","ping_status":"closed","template":"","meta":{"_et_pb_use_builder":"on","_et_pb_old_content":"","_et_gb_content_width":"","footnotes":""},"class_list":["post-380","page","type-page","status-publish","hentry"],"acf":[],"_links":{"self":[{"href":"https:\/\/www.circle-of-compassion.ch\/de\/wp-json\/wp\/v2\/pages\/380","targetHints":{"allow":["GET"]}}],"collection":[{"href":"https:\/\/www.circle-of-compassion.ch\/de\/wp-json\/wp\/v2\/pages"}],"about":[{"href":"https:\/\/www.circle-of-compassion.ch\/de\/wp-json\/wp\/v2\/types\/page"}],"author":[{"embeddable":true,"href":"https:\/\/www.circle-of-compassion.ch\/de\/wp-json\/wp\/v2\/users\/1"}],"replies":[{"embeddable":true,"href":"https:\/\/www.circle-of-compassion.ch\/de\/wp-json\/wp\/v2\/comments?post=380"}],"version-history":[{"count":11,"href":"https:\/\/www.circle-of-compassion.ch\/de\/wp-json\/wp\/v2\/pages\/380\/revisions"}],"predecessor-version":[{"id":3348,"href":"https:\/\/www.circle-of-compassion.ch\/de\/wp-json\/wp\/v2\/pages\/380\/revisions\/3348"}],"wp:attachment":[{"href":"https:\/\/www.circle-of-compassion.ch\/de\/wp-json\/wp\/v2\/media?parent=380"}],"curies":[{"name":"wp","href":"https:\/\/api.w.org\/{rel}","templated":true}]}}