{"id":1415,"date":"2021-06-14T15:57:43","date_gmt":"2021-06-14T15:57:43","guid":{"rendered":"https:\/\/www.circle-of-compassion.ch\/10-tipps\/"},"modified":"2022-03-22T15:42:52","modified_gmt":"2022-03-22T15:42:52","slug":"10-conseils","status":"publish","type":"page","link":"https:\/\/www.circle-of-compassion.ch\/fr\/information\/10-conseils\/","title":{"rendered":"10 conseils"},"content":{"rendered":"<p>[et_pb_section fb_built=\u00a0\u00bb1&Prime; fullwidth=\u00a0\u00bbon\u00a0\u00bb admin_label=\u00a0\u00bbHeader\u00a0\u00bb _builder_version=\u00a0\u00bb3.22&Prime; background_color=\u00a0\u00bb#b7b9c7&Prime; custom_padding=\u00a0\u00bb0px|0|0px|0px|false|false\u00a0\u00bb locked=\u00a0\u00bboff\u00a0\u00bb global_colors_info=\u00a0\u00bb{}\u00a0\u00bb][et_pb_fullwidth_header title=\u00a0\u00bbUnsere Tipps\u00a0\u00bb subhead=\u00a0\u00bb10 Tipps, damit der Umstieg funktioniert\u00a0\u00bb text_orientation=\u00a0\u00bbcenter\u00a0\u00bb background_overlay_color=\u00a0\u00bbrgba(83,90,128,0.3)\u00a0\u00bb content_max_width=\u00a0\u00bb90%\u00a0\u00bb _builder_version=\u00a0\u00bb4.14.8&Prime; title_font=\u00a0\u00bbNoto Serif|700|||||||\u00a0\u00bb title_text_align=\u00a0\u00bbcenter\u00a0\u00bb title_font_size=\u00a0\u00bb70px\u00a0\u00bb title_line_height=\u00a0\u00bb1.1em\u00a0\u00bb content_font=\u00a0\u00bbNoto Sans||||||||\u00a0\u00bb content_font_size=\u00a0\u00bb18px\u00a0\u00bb content_line_height=\u00a0\u00bb2em\u00a0\u00bb subhead_font=\u00a0\u00bbNoto Sans||||||||\u00a0\u00bb subhead_text_align=\u00a0\u00bbcenter\u00a0\u00bb subhead_font_size=\u00a0\u00bb30px\u00a0\u00bb subhead_line_height=\u00a0\u00bb2em\u00a0\u00bb background_image=\u00a0\u00bbhttps:\/\/www.circle-of-compassion.ch\/wp-content\/uploads\/2021\/06\/header_temp.jpg\u00a0\u00bb parallax=\u00a0\u00bbon\u00a0\u00bb parallax_method=\u00a0\u00bbon\u00a0\u00bb custom_button_one=\u00a0\u00bbon\u00a0\u00bb button_one_text_size=\u00a0\u00bb17px\u00a0\u00bb button_one_text_color=\u00a0\u00bb#ffffff\u00a0\u00bb button_one_bg_color=\u00a0\u00bb#ff6b5a\u00a0\u00bb button_one_border_width=\u00a0\u00bb7px\u00a0\u00bb button_one_border_color=\u00a0\u00bb#ff6b5a\u00a0\u00bb button_one_border_radius=\u00a0\u00bb100px\u00a0\u00bb button_one_font=\u00a0\u00bbNoto Sans|700||on|||||\u00a0\u00bb button_one_use_icon=\u00a0\u00bboff\u00a0\u00bb custom_margin=\u00a0\u00bb|||\u00a0\u00bb custom_padding=\u00a0\u00bb110px||110px||true\u00a0\u00bb custom_padding_tablet=\u00a0\u00bb100px|||\u00a0\u00bb custom_padding_phone=\u00a0\u00bb\u00a0\u00bb custom_padding_last_edited=\u00a0\u00bbon|phone\u00a0\u00bb animation_style=\u00a0\u00bbfade\u00a0\u00bb animation_direction=\u00a0\u00bbtop\u00a0\u00bb hover_enabled=\u00a0\u00bb0&Prime; title_font_size_tablet=\u00a0\u00bb40px\u00a0\u00bb title_font_size_phone=\u00a0\u00bb\u00a0\u00bb title_font_size_last_edited=\u00a0\u00bbon|tablet\u00a0\u00bb subhead_font_size_tablet=\u00a0\u00bb\u00a0\u00bb subhead_font_size_phone=\u00a0\u00bb20px\u00a0\u00bb subhead_font_size_last_edited=\u00a0\u00bbon|desktop\u00a0\u00bb subhead_line_height_tablet=\u00a0\u00bb\u00a0\u00bb subhead_line_height_phone=\u00a0\u00bb1.5em\u00a0\u00bb subhead_line_height_last_edited=\u00a0\u00bbon|phone\u00a0\u00bb button_one_text_color_hover=\u00a0\u00bb#ffffff\u00a0\u00bb button_one_border_color_hover=\u00a0\u00bb#ff9e59&Prime; button_one_border_radius_hover=\u00a0\u00bb100px\u00a0\u00bb button_one_bg_color_hover=\u00a0\u00bb#ff9e59&Prime; global_colors_info=\u00a0\u00bb{}\u00a0\u00bb button_one_text_size__hover_enabled=\u00a0\u00bboff\u00a0\u00bb button_two_text_size__hover_enabled=\u00a0\u00bboff\u00a0\u00bb button_one_text_color__hover_enabled=\u00a0\u00bbon\u00a0\u00bb button_one_text_color__hover=\u00a0\u00bb#ffffff\u00a0\u00bb button_two_text_color__hover_enabled=\u00a0\u00bboff\u00a0\u00bb button_one_border_width__hover_enabled=\u00a0\u00bboff\u00a0\u00bb button_two_border_width__hover_enabled=\u00a0\u00bboff\u00a0\u00bb button_one_border_color__hover_enabled=\u00a0\u00bbon\u00a0\u00bb button_one_border_color__hover=\u00a0\u00bb#ff9e59&Prime; button_two_border_color__hover_enabled=\u00a0\u00bboff\u00a0\u00bb button_one_border_radius__hover_enabled=\u00a0\u00bbon\u00a0\u00bb button_one_border_radius__hover=\u00a0\u00bb100px\u00a0\u00bb button_two_border_radius__hover_enabled=\u00a0\u00bboff\u00a0\u00bb button_one_letter_spacing__hover_enabled=\u00a0\u00bboff\u00a0\u00bb button_two_letter_spacing__hover_enabled=\u00a0\u00bboff\u00a0\u00bb button_one_bg_color__hover_enabled=\u00a0\u00bbon\u00a0\u00bb button_one_bg_color__hover=\u00a0\u00bb#ff9e59&Prime; button_two_bg_color__hover_enabled=\u00a0\u00bboff\u00a0\u00bb background_enable_color=\u00a0\u00bboff\u00a0\u00bb title_text=\u00a0\u00bbheader_temp\u00a0\u00bb sticky_enabled=\u00a0\u00bb0&Prime;][\/et_pb_fullwidth_header][\/et_pb_section][et_pb_section fb_built=\u00a0\u00bb1&Prime; custom_padding_last_edited=\u00a0\u00bbon|phone\u00a0\u00bb admin_label=\u00a0\u00bbContact\u00a0\u00bb _builder_version=\u00a0\u00bb3.22&Prime; custom_padding=\u00a0\u00bb100px|0px|100px|0px|true|false\u00a0\u00bb custom_padding_tablet=\u00a0\u00bb\u00a0\u00bb custom_padding_phone=\u00a0\u00bb50px||50px||true\u00a0\u00bb global_colors_info=\u00a0\u00bb{}\u00a0\u00bb][et_pb_row column_structure=\u00a0\u00bb2_3,1_3&Prime; _builder_version=\u00a0\u00bb4.9.0&Prime; _module_preset=\u00a0\u00bbdefault\u00a0\u00bb global_colors_info=\u00a0\u00bb{}\u00a0\u00bb][et_pb_column type=\u00a0\u00bb2_3&Prime; _builder_version=\u00a0\u00bb4.9.0&Prime; _module_preset=\u00a0\u00bbdefault\u00a0\u00bb global_colors_info=\u00a0\u00bb{}\u00a0\u00bb][et_pb_accordion _builder_version=\u00a0\u00bb4.11.1&Prime; _module_preset=\u00a0\u00bbdefault\u00a0\u00bb global_colors_info=\u00a0\u00bb{}\u00a0\u00bb][et_pb_accordion_item title=\u00a0\u00bb1. Kenne dein Warum\u00a0\u00bb open=\u00a0\u00bbon\u00a0\u00bb _builder_version=\u00a0\u00bb4.9.6&Prime; _module_preset=\u00a0\u00bbdefault\u00a0\u00bb global_colors_info=\u00a0\u00bb{}\u00a0\u00bb]<\/p>\n<p>Vor allem in der Anfangsphase deiner Umstellung auf eine vegane Ern\u00e4hrung wirst du vielleicht in Situationen geraten, die dich in Versuchung f\u00fchren.<\/p>\n<p>Ganz egal, ob du dich aus ethischen, \u00f6kologischen oder gesundheitlichen Gr\u00fcnden f\u00fcr eine pflanzenbasierte Ern\u00e4hrung entschieden hast &#8211; indem du dir deine Motive und den erwarteten Nutzen immer wieder vor Augen f\u00fchrst, kannst du der m\u00f6glichen Versuchung ganz entspannt begegnen.<\/p>\n<p>[\/et_pb_accordion_item][et_pb_accordion_item title=\u00a0\u00bb2. Kenne die wichtigen N\u00e4hrstoffe\u00a0\u00bb _builder_version=\u00a0\u00bb4.9.6&Prime; _module_preset=\u00a0\u00bbdefault\u00a0\u00bb global_colors_info=\u00a0\u00bb{}\u00a0\u00bb open=\u00a0\u00bboff\u00a0\u00bb]<\/p>\n<p>Bei der Umstellung auf eine vegane Ern\u00e4hrung wirst du auf Aspekte treffen, mit denen du noch nicht vertraut bist. Dazu geh\u00f6rt die optimale Versorgung mit <a href=\"https:\/\/circle-of-compassion.ch\/wordpress\/die-wichtigsten-naehrstoffe\/\">wichtigen N\u00e4hrstoffen<\/a>. Ein besonderes Augenmerk solltest du dem Vitamin B12 widmen. Eine gut geplante vegane Ern\u00e4hrung ist in jeder Lebenslage und in jedem Alter m\u00f6glich &#8211; ganz ohne Mangelerscheinungen und vollkommen tierleidfrei.<\/p>\n<p>[\/et_pb_accordion_item][et_pb_accordion_item title=\u00a0\u00bb3. Geh Schritt f\u00fcr Schritt\u00a0\u00bb _builder_version=\u00a0\u00bb4.9.6&Prime; _module_preset=\u00a0\u00bbdefault\u00a0\u00bb global_colors_info=\u00a0\u00bb{}\u00a0\u00bb open=\u00a0\u00bboff\u00a0\u00bb]<\/p>\n<p>Ver\u00e4nderungen geschehen nicht \u00fcber Nacht. Lassen Sie sich Zeit, verzeihen Sie sich m\u00f6gliche Ausrutscher, und gehen Sie die Umstellung in f\u00fcr Sie passenden, kleinen Schritten an. Vielen Menschen, die heute vegan leben, erging es nicht anders: Vegan werden ist ein schrittweiser Prozess, der meistens damit beginnt,\u00a0Fleisch\u00a0und\u00a0Fisch\u00a0vom Speiseplan zu streichen. Irgendwann kommen Milch, Eier und weitere\u00a0tierische Produkte\u00a0dazu. Wichtig ist nicht, wie lange Sie brauchen, sondern dass Sie sich f\u00fcr die Umstellung entschieden haben. Nach und nach ist zu jeder Zeit besser als niemals.<\/p>\n<p>[\/et_pb_accordion_item][et_pb_accordion_item title=\u00a0\u00bb4. Sei gut vorbereitet\u00a0\u00bb _builder_version=\u00a0\u00bb4.9.6&Prime; _module_preset=\u00a0\u00bbdefault\u00a0\u00bb global_colors_info=\u00a0\u00bb{}\u00a0\u00bb open=\u00a0\u00bboff\u00a0\u00bb]<\/p>\n<p>Eine der meistgestellten Fragen bei frisch gebackenen Veganern ist: \u00abWas soll ich essen?\u00bb Auch haben nach wie vor zu wenig Kantinen, Mensen und Restaurants ein veganes Angebot.\u00a0<\/p>\n<p>Eine gute Planung macht vieles einfacher. Wir empfehlen dir deshalb vor allem zu Beginn, deine Mahlzeiten zu planen.\u00a0<\/p>\n<p>In unserer <a href=\"https:\/\/circle-of-compassion.ch\/wordpress\/links\/\">Linksammlung<\/a> findest du unter anderem leckere Rezepte und Restaurantf\u00fchrer.<\/p>\n<p>[\/et_pb_accordion_item][et_pb_accordion_item title=\u00a0\u00bb5. Trimm deine K\u00fcche fit\u00a0\u00bb _builder_version=\u00a0\u00bb4.11.1&Prime; _module_preset=\u00a0\u00bbdefault\u00a0\u00bb global_colors_info=\u00a0\u00bb{}\u00a0\u00bb open=\u00a0\u00bboff\u00a0\u00bb]<\/p>\n<p>Du hast dich f\u00fcr eine vegane Ern\u00e4hrung entschieden aber dein K\u00fchl- und Vorratsschrank sind noch gef\u00fcllt mit Milchschokolade, Schinken und K\u00e4se? Um gar nicht erst in Versuchung zu geraten, kannst du alles aussortieren, was nicht mehr auf deinem Teller landen soll.<\/p>\n<p>Ist erst einmal Platz geschaffen, kannst du deine K\u00fcche mit leckeren und gesunden veganen Snacks &amp; Co. aufstocken, damit du f\u00fcr alle F\u00e4lle ausgestattet bist.<\/p>\n<p>[\/et_pb_accordion_item][et_pb_accordion_item title=\u00a0\u00bb6. Iss genug\u00a0\u00bb _builder_version=\u00a0\u00bb4.11.1&Prime; _module_preset=\u00a0\u00bbdefault\u00a0\u00bb global_colors_info=\u00a0\u00bb{}\u00a0\u00bb open=\u00a0\u00bboff\u00a0\u00bb]<\/p>\n<p>Die typische fleisch- und milchlastige Mahlzeit war in der Regel sehr kalorienhaltig. Mit einer pflanzenbasierten Mahlzeit auf Basis von H\u00fclsenfr\u00fcchten, Gem\u00fcse und Obst wirst du dein Kalorienziel nicht so schnell erreichen oder \u00fcberschreiten.\u00a0<\/p>\n<p>Bei der veganen Ern\u00e4hrung kannst du herzhaft zugreifen. Gr\u00f6ssere Portionen geben zudem Heisshungerattacken keine Chance.<\/p>\n<p>[\/et_pb_accordion_item][et_pb_accordion_item title=\u00a0\u00bb7. Sei neugierig und experimentierfreudig\u00a0\u00bb _builder_version=\u00a0\u00bb4.11.1&Prime; _module_preset=\u00a0\u00bbdefault\u00a0\u00bb global_colors_info=\u00a0\u00bb{}\u00a0\u00bb open=\u00a0\u00bboff\u00a0\u00bb]<\/p>\n<p>Bei Quinoa, Amarant, Pastinake oder Hefeflocken verstehst du nur Bahnhof? Der Umstieg auf eine vegane Ern\u00e4hrung wird dir die T\u00fcr zu einer v\u00f6llig neuen Welt an kulinarischen M\u00f6glichkeiten \u00f6ffnen.\u00a0<\/p>\n<p>Du wirst sehr viele neue Lebensmittel entdecken. Manche davon wirst du von Anfang an lieben, andere musst du erst kennen und verarbeiten lernen.\u00a0<\/p>\n<p>Deine Geschmacksknospen m\u00fcssen sich erst langsam an die vielen neuen Eindr\u00fccke gew\u00f6hnen &#8211; und das tun sie. Jeder Geschmack ist erlernt. Was zu Beginn noch seltsam oder fremd ist, kann schon bald richtig toll schmecken.<\/p>\n<p>[\/et_pb_accordion_item][et_pb_accordion_item title=\u00a0\u00bb8. F\u00fchre gute Gespr\u00e4che\u00a0\u00bb _builder_version=\u00a0\u00bb4.11.1&Prime; _module_preset=\u00a0\u00bbdefault\u00a0\u00bb global_colors_info=\u00a0\u00bb{}\u00a0\u00bb open=\u00a0\u00bboff\u00a0\u00bb]<\/p>\n<p>Als du t\u00e4glich Schnitzel, Cordon Bleu oder Burger gegessen hast, war f\u00fcr dein Umfeld alles okay, doch seit du auf gesunde H\u00fclsenfr\u00fcchte, Gem\u00fcse und Obst setzt, machen sich alle Sorgen um deine Gesundheit? Wenn dir das bekannt vorkommt, bist du damit nicht allein.<\/p>\n<p>Nicht selten wirst du dir Spr\u00fcche oder Witze anh\u00f6ren m\u00fcssen oder du wirst mit diversen Vegan-Mythen konfrontiert. Lass dich nicht auf sinnlose Diskussionen ein. Kommuniziere lieber offen, warum du dich f\u00fcr eine vegane Ern\u00e4hrung entschieden hast und wie gut es dir tut. Echte Freunde werden merken, wie wichtig es dir ist und dich hoffentlich dabei ermutigen und unterst\u00fctzen.<\/p>\n<p>[\/et_pb_accordion_item][et_pb_accordion_item title=\u00a0\u00bb9. Suche dir Gleichgesinnte\u00a0\u00bb _builder_version=\u00a0\u00bb4.11.1&Prime; _module_preset=\u00a0\u00bbdefault\u00a0\u00bb global_colors_info=\u00a0\u00bb{}\u00a0\u00bb open=\u00a0\u00bboff\u00a0\u00bb]<\/p>\n<p>Der Austausch mit Gleichgesinnten, die dich verstehen und dir Tipps geben, kann sehr hilfreich sein. Vielleicht hast du noch keine Veganer in deinem Freundeskreis. Ob \u00fcber Facebook-Gruppen, den veganen Stammtisch oder beim Circle of Compassion &#8211; die vegane Community bietet dir zahllose M\u00f6glichkeiten, Menschen zu finden, mit denen du dich austauschen kannst.<\/p>\n<p>[\/et_pb_accordion_item][et_pb_accordion_item title=\u00a0\u00bb10. Schau \u00fcber die Ern\u00e4hrung hinaus\u00a0\u00bb _builder_version=\u00a0\u00bb4.11.1&Prime; _module_preset=\u00a0\u00bbdefault\u00a0\u00bb global_colors_info=\u00a0\u00bb{}\u00a0\u00bb open=\u00a0\u00bboff\u00a0\u00bb]<\/p>\n<p>Die Vermeidung von Tierleid umfasst viel mehr als nur die Ern\u00e4hrung. Je mehr du dich mit dem veganen Lebensstil besch\u00e4ftigst, desto mehr Bereiche werden dir auffallen.<\/p>\n<p>Viele Artikel des t\u00e4glichen Bedarfs werden an Tieren getestet oder enthalten tierische Produkte. So kannst du schrittweise deine aufgebrauchte Kosmetik durch tierversuchsfreie Kosmetik ersetzen, dich f\u00fcr tierfreundliche Mode entscheiden und die ausgetragenen Lederschuhe durch ein veganes Modell ersetzen.\u00a0<\/p>\n<p>[\/et_pb_accordion_item][\/et_pb_accordion][\/et_pb_column][et_pb_column type=\u00a0\u00bb1_3&Prime; _builder_version=\u00a0\u00bb4.9.0&Prime; _module_preset=\u00a0\u00bbdefault\u00a0\u00bb global_colors_info=\u00a0\u00bb{}\u00a0\u00bb][et_pb_image src=\u00a0\u00bbhttps:\/\/circle-of-compassion.ch\/wordpress\/wp-content\/uploads\/2021\/06\/tiertransport.jpg\u00a0\u00bb title_text=\u00a0\u00bbtiertransport\u00a0\u00bb _builder_version=\u00a0\u00bb4.9.6&Prime; _module_preset=\u00a0\u00bbdefault\u00a0\u00bb global_colors_info=\u00a0\u00bb{}\u00a0\u00bb][\/et_pb_image][et_pb_image src=\u00a0\u00bbhttps:\/\/circle-of-compassion.ch\/wordpress\/wp-content\/uploads\/2021\/06\/klimawandel.jpg\u00a0\u00bb title_text=\u00a0\u00bbklimawandel\u00a0\u00bb _builder_version=\u00a0\u00bb4.9.6&Prime; _module_preset=\u00a0\u00bbdefault\u00a0\u00bb global_colors_info=\u00a0\u00bb{}\u00a0\u00bb][\/et_pb_image][et_pb_image src=\u00a0\u00bbhttps:\/\/circle-of-compassion.ch\/wordpress\/wp-content\/uploads\/2021\/06\/gesundheit.jpg\u00a0\u00bb title_text=\u00a0\u00bbgesundheit\u00a0\u00bb _builder_version=\u00a0\u00bb4.9.6&Prime; _module_preset=\u00a0\u00bbdefault\u00a0\u00bb global_colors_info=\u00a0\u00bb{}\u00a0\u00bb][\/et_pb_image][\/et_pb_column][\/et_pb_row][\/et_pb_section][et_pb_section fb_built=\u00a0\u00bb1&Prime; disabled_on=\u00a0\u00bboff|off|off\u00a0\u00bb admin_label=\u00a0\u00bbFollow Along\u00a0\u00bb _builder_version=\u00a0\u00bb4.14.8&Prime; use_background_color_gradient=\u00a0\u00bbon\u00a0\u00bb background_color_gradient_start=\u00a0\u00bb#ffffff\u00a0\u00bb background_color_gradient_end=\u00a0\u00bbrgba(255,255,255,0)\u00a0\u00bb background_color_gradient_end_position=\u00a0\u00bb52%\u00a0\u00bb background_color_gradient_overlays_image=\u00a0\u00bbon\u00a0\u00bb background_image=\u00a0\u00bbhttps:\/\/www.circle-of-compassion.ch\/wp-content\/uploads\/2021\/06\/footer.jpg\u00a0\u00bb background_position=\u00a0\u00bbcenter_right\u00a0\u00bb custom_padding=\u00a0\u00bb||34vw|\u00a0\u00bb hover_enabled=\u00a0\u00bb0&Prime; global_colors_info=\u00a0\u00bb{}\u00a0\u00bb title_text=\u00a0\u00bbfooter\u00a0\u00bb sticky_enabled=\u00a0\u00bb0&Prime;][et_pb_row column_structure=\u00a0\u00bb1_4,1_2,1_4&Prime; module_class=\u00a0\u00bb et_pb_row_fullwidth\u00a0\u00bb _builder_version=\u00a0\u00bb3.25&Prime; width=\u00a0\u00bb89%\u00a0\u00bb width_tablet=\u00a0\u00bb80%\u00a0\u00bb width_phone=\u00a0\u00bb\u00a0\u00bb width_last_edited=\u00a0\u00bbon|desktop\u00a0\u00bb max_width=\u00a0\u00bb89%\u00a0\u00bb max_width_tablet=\u00a0\u00bb80%\u00a0\u00bb max_width_phone=\u00a0\u00bb\u00a0\u00bb max_width_last_edited=\u00a0\u00bbon|desktop\u00a0\u00bb custom_margin=\u00a0\u00bb0px|||\u00a0\u00bb custom_padding=\u00a0\u00bb|||\u00a0\u00bb make_fullwidth=\u00a0\u00bbon\u00a0\u00bb global_colors_info=\u00a0\u00bb{}\u00a0\u00bb][et_pb_column type=\u00a0\u00bb1_4&Prime; _builder_version=\u00a0\u00bb3.25&Prime; custom_padding=\u00a0\u00bb|||\u00a0\u00bb global_colors_info=\u00a0\u00bb{}\u00a0\u00bb custom_padding__hover=\u00a0\u00bb|||\u00a0\u00bb][\/et_pb_column][et_pb_column type=\u00a0\u00bb1_2&Prime; _builder_version=\u00a0\u00bb3.25&Prime; custom_padding=\u00a0\u00bb|||\u00a0\u00bb global_colors_info=\u00a0\u00bb{}\u00a0\u00bb custom_padding__hover=\u00a0\u00bb|||\u00a0\u00bb][et_pb_code admin_label=\u00a0\u00bbCode\u00a0\u00bb _builder_version=\u00a0\u00bb4.14.8&Prime; _module_preset=\u00a0\u00bbdefault\u00a0\u00bb global_colors_info=\u00a0\u00bb{}\u00a0\u00bb]<div id=\"quform-5a2c7c\" class=\"quform quform-7 quform-theme-minimal quform-support-page-caching\"><form id=\"quform-form-5a2c7c\" class=\"quform-form quform-form-7\" action=\"\/fr\/wp-json\/wp\/v2\/pages\/1415#quform-5a2c7c\" method=\"post\" enctype=\"multipart\/form-data\" novalidate=\"novalidate\" data-options=\"{&quot;id&quot;:7,&quot;uniqueId&quot;:&quot;5a2c7c&quot;,&quot;theme&quot;:&quot;minimal&quot;,&quot;ajax&quot;:true,&quot;logic&quot;:{&quot;logic&quot;:[],&quot;dependents&quot;:[],&quot;elementIds&quot;:[],&quot;dependentElementIds&quot;:[],&quot;animate&quot;:true},&quot;currentPageId&quot;:1,&quot;errorsIcon&quot;:&quot;&quot;,&quot;updateFancybox&quot;:true,&quot;hasPages&quot;:false,&quot;pages&quot;:[1],&quot;pageProgressType&quot;:&quot;numbers&quot;,&quot;tooltipsEnabled&quot;:true,&quot;tooltipClasses&quot;:&quot;qtip-quform-dark qtip-shadow&quot;,&quot;tooltipMy&quot;:&quot;left center&quot;,&quot;tooltipAt&quot;:&quot;right center&quot;,&quot;isRtl&quot;:false,&quot;scrollOffset&quot;:-50,&quot;scrollSpeed&quot;:800}\"><button class=\"quform-default-submit\" name=\"quform_submit\" type=\"submit\" value=\"submit\" aria-hidden=\"true\" tabindex=\"-1\"><\/button><div class=\"quform-form-inner quform-form-inner-7\"><input type=\"hidden\" name=\"quform_form_id\" value=\"7\" \/><input type=\"hidden\" name=\"quform_form_uid\" value=\"5a2c7c\" \/><input type=\"hidden\" name=\"quform_count\" value=\"1\" \/><input type=\"hidden\" name=\"form_url\" value=\"https:\/\/www.circle-of-compassion.ch\/fr\/wp-json\/wp\/v2\/pages\/1415\" \/><input type=\"hidden\" name=\"referring_url\" value=\"\" \/><input type=\"hidden\" name=\"post_id\" value=\"\" \/><input type=\"hidden\" name=\"post_title\" value=\"\" \/><input type=\"hidden\" name=\"quform_current_page_id\" value=\"1\" \/><input type=\"hidden\" name=\"quform_csrf_token\" value=\"YH23OURGFraWhU5Ai8i6j4XI0pNgeymyT03ODjKo\" \/><div class=\"quform-form-title-description\"><h2 class=\"quform-form-title\">Don't miss a beat<\/h2><p class=\"quform-form-description\">Would you like to stay up to date about us and our actions? Nothing easier than that - subscribe to our newsletter and you will always be well informed.<\/p><\/div><div class=\"quform-elements quform-elements-7 quform-cf quform-responsive-elements-phone-landscape\"><div class=\"quform-element quform-element-page quform-page-1 quform-page-7_1 quform-cf quform-group-style-plain quform-first-page quform-last-page quform-current-page\"><div class=\"quform-child-elements\"><div class=\"quform-element quform-element-email quform-element-7_3 quform-cf quform-element-required\"><div class=\"quform-spacer\"><div class=\"quform-label quform-label-7_3\"><label class=\"quform-label-text\" for=\"quform_7_3_5a2c7c\">E-Mail *<span class=\"quform-required\">*<\/span><\/label><\/div><div class=\"quform-inner quform-inner-email quform-inner-7_3\"><div class=\"quform-input quform-input-email quform-input-7_3 quform-cf\"><input type=\"email\" id=\"quform_7_3_5a2c7c\" name=\"quform_7_3\" class=\"quform-field quform-field-email quform-field-7_3\" placeholder=\"E-Mail *\" \/><\/div><\/div><\/div><\/div><div class=\"quform-element quform-element-submit quform-element-7_2 quform-cf quform-button-style-theme\"><div class=\"quform-button-submit quform-button-submit-default quform-button-submit-7_2\"><button name=\"quform_submit\" type=\"submit\" class=\"quform-submit\" value=\"submit\"><span class=\"quform-button-text quform-button-submit-text\">Subscribe<\/span><\/button><\/div><div class=\"quform-loading quform-loading-position-left quform-loading-type-spinner-1\"><div class=\"quform-loading-inner\"><div class=\"quform-loading-spinner\"><div class=\"quform-loading-spinner-inner\"><\/div><\/div><\/div><\/div><\/div><div class=\"quform-element quform-element-recaptcha quform-element-7_5 quform-cf quform-element-required\"><div class=\"quform-spacer\"><div class=\"quform-inner quform-inner-recaptcha quform-inner-7_5\"><div class=\"quform-input quform-input-recaptcha quform-input-7_5 quform-cf\"><div class=\"quform-recaptcha\" data-config=\"{&quot;sitekey&quot;:&quot;6LfUP_4pAAAAAMIT7VBxV9sX2FMeS3p0esLjvGix&quot;,&quot;_version&quot;:&quot;v3&quot;,&quot;size&quot;:&quot;invisible&quot;,&quot;type&quot;:&quot;image&quot;,&quot;theme&quot;:&quot;light&quot;,&quot;badge&quot;:&quot;inline&quot;}\"><\/div><noscript>Veuillez activer JavaScript pour l\u2019envoi de ce formulaire.<\/noscript><\/div><\/div><\/div><\/div><div class=\"quform-element-tree\"><label for=\"quform_7_0_5a2c7c\">Ce champ devrait \u00eatre laiss\u00e9 vide<\/label><input type=\"text\" id=\"quform_7_0_5a2c7c\" name=\"quform_7_0\" class=\"quform-field quform-field-tree quform-field-7_0\" tabindex=\"-1\" autocomplete=\"off\" \/><\/div><\/div><\/div><\/div><\/div><\/form><\/div>[\/et_pb_code][et_pb_social_media_follow _builder_version=\u00a0\u00bb4.9.6&Prime; text_orientation=\u00a0\u00bbcenter\u00a0\u00bb background_layout=\u00a0\u00bbdark\u00a0\u00bb module_alignment=\u00a0\u00bbright\u00a0\u00bb custom_margin=\u00a0\u00bb|||\u00a0\u00bb animation_style=\u00a0\u00bbslide\u00a0\u00bb animation_direction=\u00a0\u00bbtop\u00a0\u00bb border_radii=\u00a0\u00bbon|100%|100%|100%|100%\u00a0\u00bb global_colors_info=\u00a0\u00bb{}\u00a0\u00bb][et_pb_social_media_follow_network social_network=\u00a0\u00bbfacebook\u00a0\u00bb url=\u00a0\u00bbhttps:\/\/www.facebook.com\/CircleOfCompassionSwitzerland\u00a0\u00bb _builder_version=\u00a0\u00bb4.9.6&Prime; background_color=\u00a0\u00bbrgba(0,0,0,0.1)\u00a0\u00bb custom_margin=\u00a0\u00bb|10px||10px||true\u00a0\u00bb custom_padding=\u00a0\u00bb10px|10px|10px|10px|true|true\u00a0\u00bb global_colors_info=\u00a0\u00bb{}\u00a0\u00bb follow_button=\u00a0\u00bboff\u00a0\u00bb url_new_window=\u00a0\u00bbon\u00a0\u00bb]facebook[\/et_pb_social_media_follow_network][et_pb_social_media_follow_network social_network=\u00a0\u00bbinstagram\u00a0\u00bb url=\u00a0\u00bbhttps:\/\/www.instagram.com\/circleofcompassionswitzerland\/\u00a0\u00bb _builder_version=\u00a0\u00bb4.9.6&Prime; background_color=\u00a0\u00bbrgba(0,0,0,0.1)\u00a0\u00bb custom_margin=\u00a0\u00bb|10px||10px||true\u00a0\u00bb custom_padding=\u00a0\u00bb10px|10px|10px|10px|true|true\u00a0\u00bb global_colors_info=\u00a0\u00bb{}\u00a0\u00bb follow_button=\u00a0\u00bboff\u00a0\u00bb url_new_window=\u00a0\u00bbon\u00a0\u00bb]instagram[\/et_pb_social_media_follow_network][\/et_pb_social_media_follow][\/et_pb_column][et_pb_column type=\u00a0\u00bb1_4&Prime; _builder_version=\u00a0\u00bb3.25&Prime; custom_padding=\u00a0\u00bb|||\u00a0\u00bb global_colors_info=\u00a0\u00bb{}\u00a0\u00bb custom_padding__hover=\u00a0\u00bb|||\u00a0\u00bb][\/et_pb_column][\/et_pb_row][\/et_pb_section]<\/p>\n","protected":false},"excerpt":{"rendered":"<p>Vor allem in der Anfangsphase deiner Umstellung auf eine vegane Ern\u00e4hrung wirst du vielleicht in Situationen geraten, die dich in Versuchung f\u00fchren. Ganz egal, ob du dich aus ethischen, \u00f6kologischen oder gesundheitlichen Gr\u00fcnden f\u00fcr eine pflanzenbasierte Ern\u00e4hrung entschieden hast &#8211; indem du dir deine Motive und den erwarteten Nutzen immer wieder vor Augen f\u00fchrst, kannst [&hellip;]<\/p>\n","protected":false},"author":1,"featured_media":0,"parent":1559,"menu_order":22,"comment_status":"closed","ping_status":"closed","template":"","meta":{"_et_pb_use_builder":"on","_et_pb_old_content":"","_et_gb_content_width":"","footnotes":""},"class_list":["post-1415","page","type-page","status-publish","hentry"],"acf":[],"_links":{"self":[{"href":"https:\/\/www.circle-of-compassion.ch\/fr\/wp-json\/wp\/v2\/pages\/1415","targetHints":{"allow":["GET"]}}],"collection":[{"href":"https:\/\/www.circle-of-compassion.ch\/fr\/wp-json\/wp\/v2\/pages"}],"about":[{"href":"https:\/\/www.circle-of-compassion.ch\/fr\/wp-json\/wp\/v2\/types\/page"}],"author":[{"embeddable":true,"href":"https:\/\/www.circle-of-compassion.ch\/fr\/wp-json\/wp\/v2\/users\/1"}],"replies":[{"embeddable":true,"href":"https:\/\/www.circle-of-compassion.ch\/fr\/wp-json\/wp\/v2\/comments?post=1415"}],"version-history":[{"count":5,"href":"https:\/\/www.circle-of-compassion.ch\/fr\/wp-json\/wp\/v2\/pages\/1415\/revisions"}],"predecessor-version":[{"id":2106,"href":"https:\/\/www.circle-of-compassion.ch\/fr\/wp-json\/wp\/v2\/pages\/1415\/revisions\/2106"}],"up":[{"embeddable":true,"href":"https:\/\/www.circle-of-compassion.ch\/fr\/wp-json\/wp\/v2\/pages\/1559"}],"wp:attachment":[{"href":"https:\/\/www.circle-of-compassion.ch\/fr\/wp-json\/wp\/v2\/media?parent=1415"}],"curies":[{"name":"wp","href":"https:\/\/api.w.org\/{rel}","templated":true}]}}