{"id":1484,"date":"2021-06-23T12:04:27","date_gmt":"2021-06-23T12:04:27","guid":{"rendered":"https:\/\/www.circle-of-compassion.ch\/statuten\/"},"modified":"2024-03-09T12:08:08","modified_gmt":"2024-03-09T12:08:08","slug":"statuti","status":"publish","type":"page","link":"https:\/\/www.circle-of-compassion.ch\/it\/statuti\/","title":{"rendered":"Statuti"},"content":{"rendered":"<p>[et_pb_section fb_built=&#8221;1&#8243; fullwidth=&#8221;on&#8221; admin_label=&#8221;Header&#8221; _builder_version=&#8221;3.22&#8243; background_color=&#8221;#b7b9c7&#8243; custom_padding=&#8221;0px|0|0px|0px|false|false&#8221; locked=&#8221;off&#8221; global_colors_info=&#8221;{}&#8221;][et_pb_fullwidth_header title=&#8221;Statuti&#8221; subhead=&#8221;Statuti dell&#8217;organizzazione&#8221; text_orientation=&#8221;center&#8221; background_overlay_color=&#8221;rgba(83,90,128,0.3)&#8221; content_max_width=&#8221;90%&#8221; _builder_version=&#8221;4.14.8&#8243; title_font=&#8221;Noto Serif|700|||||||&#8221; title_text_align=&#8221;center&#8221; title_font_size=&#8221;70px&#8221; title_line_height=&#8221;1.1em&#8221; content_font=&#8221;Noto Sans||||||||&#8221; content_font_size=&#8221;18px&#8221; content_line_height=&#8221;2em&#8221; subhead_font=&#8221;Noto Sans||||||||&#8221; subhead_text_align=&#8221;center&#8221; subhead_font_size=&#8221;30px&#8221; subhead_line_height=&#8221;2em&#8221; background_enable_color=&#8221;off&#8221; background_image=&#8221;https:\/\/www.circle-of-compassion.ch\/wp-content\/uploads\/2021\/06\/header_temp.jpg&#8221; parallax=&#8221;on&#8221; parallax_method=&#8221;on&#8221; custom_button_one=&#8221;on&#8221; button_one_text_size=&#8221;17px&#8221; button_one_text_color=&#8221;#ffffff&#8221; button_one_bg_color=&#8221;#ff6b5a&#8221; button_one_border_width=&#8221;7px&#8221; button_one_border_color=&#8221;#ff6b5a&#8221; button_one_border_radius=&#8221;100px&#8221; button_one_font=&#8221;Noto Sans|700||on|||||&#8221; button_one_use_icon=&#8221;off&#8221; custom_margin=&#8221;|||&#8221; custom_padding=&#8221;110px||110px||true&#8221; custom_padding_tablet=&#8221;100px|||&#8221; custom_padding_phone=&#8221;&#8221; custom_padding_last_edited=&#8221;on|phone&#8221; animation_style=&#8221;fade&#8221; animation_direction=&#8221;top&#8221; title_font_size_tablet=&#8221;40px&#8221; title_font_size_phone=&#8221;&#8221; title_font_size_last_edited=&#8221;on|tablet&#8221; subhead_font_size_tablet=&#8221;&#8221; subhead_font_size_phone=&#8221;20px&#8221; subhead_font_size_last_edited=&#8221;on|desktop&#8221; subhead_line_height_tablet=&#8221;&#8221; subhead_line_height_phone=&#8221;1.5em&#8221; subhead_line_height_last_edited=&#8221;on|phone&#8221; button_one_text_color_hover=&#8221;#ffffff&#8221; button_one_border_color_hover=&#8221;#ff9e59&#8243; button_one_border_radius_hover=&#8221;100px&#8221; button_one_bg_color_hover=&#8221;#ff9e59&#8243; global_colors_info=&#8221;{}&#8221; button_one_text_size__hover_enabled=&#8221;off&#8221; button_two_text_size__hover_enabled=&#8221;off&#8221; button_one_text_color__hover_enabled=&#8221;on&#8221; button_one_text_color__hover=&#8221;#ffffff&#8221; button_two_text_color__hover_enabled=&#8221;off&#8221; button_one_border_width__hover_enabled=&#8221;off&#8221; button_two_border_width__hover_enabled=&#8221;off&#8221; button_one_border_color__hover_enabled=&#8221;on&#8221; button_one_border_color__hover=&#8221;#ff9e59&#8243; button_two_border_color__hover_enabled=&#8221;off&#8221; button_one_border_radius__hover_enabled=&#8221;on&#8221; button_one_border_radius__hover=&#8221;100px&#8221; button_two_border_radius__hover_enabled=&#8221;off&#8221; button_one_letter_spacing__hover_enabled=&#8221;off&#8221; button_two_letter_spacing__hover_enabled=&#8221;off&#8221; button_one_bg_color__hover_enabled=&#8221;on&#8221; button_one_bg_color__hover=&#8221;#ff9e59&#8243; button_two_bg_color__hover_enabled=&#8221;off&#8221;][\/et_pb_fullwidth_header][\/et_pb_section][et_pb_section fb_built=&#8221;1&#8243; custom_padding_last_edited=&#8221;on|phone&#8221; admin_label=&#8221;Contact&#8221; _builder_version=&#8221;3.22&#8243; custom_padding=&#8221;100px|0px|100px|0px|true|false&#8221; custom_padding_tablet=&#8221;&#8221; custom_padding_phone=&#8221;50px||50px||true&#8221; global_colors_info=&#8221;{}&#8221;][et_pb_row _builder_version=&#8221;4.9.6&#8243; _module_preset=&#8221;default&#8221; global_colors_info=&#8221;{}&#8221;][et_pb_column type=&#8221;4_4&#8243; _builder_version=&#8221;4.9.6&#8243; _module_preset=&#8221;default&#8221; global_colors_info=&#8221;{}&#8221;][et_pb_text _builder_version=&#8221;4.14.8&#8243; _module_preset=&#8221;default&#8221; hover_enabled=&#8221;0&#8243; global_colors_info=&#8221;{}&#8221; sticky_enabled=&#8221;0&#8243;]<\/p>\n<h3>I. Nome e sede legale<\/h3>\n<h4>Art. 1 Nome, forma giuridica, sede legale<\/h4>\n<p>Con il nome di \u00abCircle of Compassion\u00bb \u00e8 fondata un&#8217;associazione ai sensi dell&#8217;art. 60 del Codice civile svizzero. L&#8217;associazione ha sede legale a Basilea.<\/p>\n<h3>II. Scopo dell&#8217;organizzazione<\/h3>\n<h4>Art. 2 Scopo e obiettivo<\/h4>\n<p>L&#8217;obiettivo dell&#8217;organizzazione \u00e8 difendere la dignit\u00e0 e i diritti degli animali. L&#8217;obiettivo \u00e8 quello di educare le persone sugli aspetti etici, ecologici, politici e sanitari del trattamento degli animali. \u00c8 esclusa l&#8217;erogazione di benefici monetari da parte dell&#8217;associazione a favore dei suoi membri. L&#8217;associazione \u00e8 un&#8217;organizzazione senza scopo di lucro.<\/p>\n<h3>III. Soci<\/h3>\n<h4>Art. 3 Tipi di supporto<\/h4>\n<p>L&#8217;organizzazione \u00e8 cos\u00ec composta:<\/p>\n<p>a. Soci<br \/>b. Attivi<br \/>Anche le persone che non sono membri dell&#8217;associazione possono partecipare alle sue attivit\u00e0 e proporre miglioramenti all&#8217;associazione. Tuttavia, solo i soci possono votare all&#8217;Assemblea Generale.<\/p>\n<p>c. Donatori<br \/>I donatori e le donatrici sostengono l&#8217;organizzazione finanziariamente come ritengono opportuno, ma non sono soci.<\/p>\n<h4>Art. 4 Ammissione dei soci<\/h4>\n<p>Possono diventare soci dell&#8217;associazione le persone fisiche e giuridiche che riconoscono e sono disposte a promuovere lo scopo e le finalit\u00e0 dell&#8217;associazione. Le domande di adesione devono essere presentate per iscritto tramite il sito web al Consiglio Direttivo dell&#8217;associazione, che decider\u00e0 in merito all&#8217;ammissione. L&#8217;ammissione pu\u00f2 essere rifiutata senza fornire motivazioni.<\/p>\n<h4>Art. 5 Quota associativa<\/h4>\n<p>Per perseguire lo scopo dell&#8217;associazione, l&#8217;associazione dispone dei contributi dei soci. Ogni socio deve pagare una quota annuale di 60 franchi. Le famiglie possono sottoscrivere un&#8217;adesione familiare, pagare solo la quota annuale come gruppo e avere un voto congiunto all&#8217;Assemblea Generale. L&#8217;importo della quota associativa pu\u00f2 essere rivisto annualmente dall&#8217;Assemblea Generale.<\/p>\n<h4>Art. 6 Fine dell&#8217;adesione associativa<\/h4>\n<p>L&#8217;iscrizione scade con<\/p>\n<ol style=\"list-style-type: lower-alpha;\">\n<li>Uscita<\/li>\n<li>Sospensione<\/li>\n<li>In caso di morte<\/li>\n<\/ol>\n<p>Le dimissioni dall&#8217;associazione sono possibili in qualsiasi momento, ma devono essere presentate per iscritto. La lettera di dimissioni deve essere inviata per raccomandata al Consiglio Direttivo almeno quattro settimane prima dell&#8217;Assemblea Generale.<\/p>\n<p>Il Consiglio Direttivo pu\u00f2 espellere qualsiasi membro che si renda colpevole di un comportamento disonorevole o che danneggi gli interessi dell&#8217;associazione. In casi particolari, il Consiglio direttivo pu\u00f2 espellere un socio senza indicarne i motivi. La decisione di espellere un socio viene presa generalmente solo dopo aver ascoltato il socio, gli viene comunicata per iscritto e ha effetto immediato. Non \u00e8 previsto il diritto di appello all&#8217;Assemblea Generale.<\/p>\n<h3>IV. Organizzazione<\/h3>\n<h4>Art. 7 Organi<\/h4>\n<p>Gli organi dell&#8217;associazione sono<\/p>\n<ol style=\"list-style-type: lower-alpha;\">\n<li>L&#8217;Assemblea Generale<\/li>\n<li>Il Consiglio Direttivo<\/li>\n<li>I revisori dei conti (facoltativo)<\/li>\n<\/ol>\n<p>Gli organi dell&#8217;Associazione lavorano a titolo onorifico e non hanno diritto, in linea di principio, a un compenso per le spese sostenute e le uscite di cassa. In casi eccezionali, tuttavia, il Consiglio Direttivo pu\u00f2 autorizzare il rimborso delle spese effettive e delle uscite di cassa.<\/p>\n<h3>V. Assemblea Generale annuale<\/h3>\n<h4>Art. 8 Assemblea Generale ordinaria<\/h4>\n<p>L&#8217;Assemblea Generale annuale si svolge ogni anno nell&#8217;ultimo quadrimestre dell&#8217;anno. L&#8217;invito all&#8217;Assemblea Generale viene fatto per iscritto dal Consiglio Direttivo con almeno quattro settimane di anticipo, indicando i punti all&#8217;ordine del giorno. Le proposte per l&#8217;Assemblea Generale devono essere presentate per iscritto al Consiglio Direttivo con almeno due settimane di anticipo.<\/p>\n<h4>Art. 9 Assemblea Generale straordinaria<\/h4>\n<p>L&#8217;Assemblea Generale straordinaria deve essere convocata su decisione del Consiglio Direttivo, su richiesta di almeno un quinto dei soci o su richiesta dei revisori. La convocazione deve avvenire dieci giorni prima della riunione.<\/p>\n<h4>Art. 10 Competenze dell&#8217;Assemblea Generale<\/h4>\n<p>I compiti e le competenze dell&#8217;Assemblea Generale sono i seguenti:<\/p>\n<ol style=\"list-style-type: lower-alpha;\">\n<li>Accettazione della relazione annuale, del bilancio d&#8217;esercizio e dello stato patrimoniale, nonch\u00e9 della relazione della societ\u00e0 di revisione.<\/li>\n<li>Supporto del Consiglio Direttivo e dei revisori<\/li>\n<li>Determinazione delle quote associative<\/li>\n<li>Elezione della presidenza, degli altri membri del Consiglio Direttivo e dei revisori dei conti<\/li>\n<li>Gestione delle mozioni del Consiglio Direttivo e dei soci, gestione dei ricorsi<\/li>\n<li>Modifiche dello Statuto<\/li>\n<li>Scioglimento dell&#8217;Associazione e determinazione del suo patrimonio<\/li>\n<\/ol>\n<h4>Art. 11 Risoluzioni, elezioni e diritti di voto<\/h4>\n<p>Tutti i soci presenti hanno un voto e quindi lo stesso diritto di voto. Le delibere dell&#8217;Assemblea Generale sono approvate con voto palese e a maggioranza semplice. Le votazioni vengono effettuate a scrutinio segreto solo se la maggioranza lo richiede espressamente. In caso di parit\u00e0 di voti, prevale il voto della Presidenza, a condizione che i voti siano uguali. Se per un&#8217;elezione \u00e8 necessario un secondo scrutinio, il candidato con il maggior numero di voti \u00e8 considerato eletto.<\/p>\n<p>Il socio interessato \u00e8 escluso dal diritto di voto quando si delibera sul discarico, su una transazione legale o su una controversia legale tra lui e l&#8217;Associazione.<\/p>\n<p>Le persone che non sono membri ma che partecipano attivamente alle attivit\u00e0 dell&#8217;organizzazione o effettuano donazioni possono partecipare all&#8217;Assemblea Generale. Tuttavia, non hanno diritto di voto.<\/p>\n<p>Le risoluzioni circolari sono adottate a maggioranza dei voti dei membri rispondenti. La corrispondenza relativa alle richieste elaborate tramite risoluzione circolare sar\u00e0 inviata all&#8217;indirizzo e-mail fornito al momento della richiesta di adesione. Ai membri viene concesso un periodo minimo di 2 settimane per l&#8217;elaborazione delle domande.<\/p>\n<h3>VI. Consiglio Direttivo<\/h3>\n<h4>Art. 12 Elezione, mandato e costituzione<\/h4>\n<p>Il Consiglio Direttivo \u00e8 composto da almeno tre membri, compresi i due copresidenti, ed \u00e8 eletto dall&#8217;Assemblea Generale per un mandato di un anno. \u00c8 autocostituito.<\/p>\n<h4>Art. 13 Compiti e competenze<\/h4>\n<p>Il Consiglio Direttivo rappresenta l&#8217;associazione verso l&#8217;esterno. In linea di principio, ha tutti i poteri che non sono espressamente riservati all&#8217;Assemblea Generale. Si tratta in particolare di<\/p>\n<ol style=\"list-style-type: lower-alpha;\">\n<li>Preparazione e organizzazione delle Assemblee generali ordinarie e straordinarie<\/li>\n<li>Redazione di statuti, proposte e regolamenti<\/li>\n<li>Ammissione ed esclusione dei soci<\/li>\n<li>Gestione del patrimonio dell&#8217;associazione<\/li>\n<\/ol>\n<h4>Art. 14 Risoluzione<\/h4>\n<p>Il Consiglio Direttivo \u00e8 valido se \u00e8 presente almeno la met\u00e0 dei suoi membri. Una riunione del Consiglio Direttivo \u00e8 convocata su richiesta della Presidenza o su richiesta di un membro del Consiglio Direttivo. In caso di parit\u00e0 di voti, prevale il voto dei copresidenti, a condizione che votino in modo paritario. Se i membri del Consiglio Direttivo si dimettono durante il loro mandato, il Consiglio Direttivo si reintegra autonomamente. Tali elezioni devono essere sottoposte alla successiva Assemblea Generale per la conferma.<\/p>\n<h3>VII. Revisori dei conti<\/h3>\n<h4>Art. 15 Compito dei revisori<\/h4>\n<p>L&#8217;Assemblea Generale pu\u00f2 eleggere ogni anno due revisori dei conti per verificare i conti annuali e il bilancio, e riferire all&#8217;Assemblea Generale.<\/p>\n<h3>VIII. Il patrimonio dell&#8217;associazione<\/h3>\n<h4>Art. 16 Fonti di reddito<\/h4>\n<p>Il patrimonio \u00e8 costituito dalle quote associative e dalle donazioni.<\/p>\n<h4>Art. 17 Responsabilit\u00e0<\/h4>\n<p>Per gli obblighi dell&#8217;associazione risponde esclusivamente il patrimonio dell&#8217;associazione. \u00c8 esclusa la responsabilit\u00e0 personale dei membri per gli obblighi dell&#8217;associazione. I soci la cui attivit\u00e0 termina prima dello scioglimento dell&#8217;associazione non hanno diritto al patrimonio dell&#8217;associazione.<\/p>\n<h3>IX. Modifica dello Statuto e scioglimento<\/h3>\n<h4>Art. 18 Prerequisiti<\/h4>\n<p>Per modificare lo statuto o sciogliere l&#8217;associazione \u00e8 necessaria la presenza di almeno tre quarti dei soci. Per l&#8217;adozione di tale mozione \u00e8 necessaria la maggioranza dei tre quarti.<\/p>\n<p>Se il numero di aventi diritto al voto non raggiunge la quota richiesta di votanti, deve essere convocata una seconda Assemblea Generale annuale con gli stessi punti all&#8217;ordine del giorno entro sei settimane. Il quorum \u00e8 raggiunto, indipendentemente dal numero di soci.<\/p>\n<h4>Art. 19 Assegnazione del patrimonio dell&#8217;associazione dopo lo scioglimento<\/h4>\n<p>In caso di scioglimento dell&#8217;associazione, il patrimonio dell&#8217;associazione sar\u00e0 trasferito a una o pi\u00f9 istituzioni che perseguono uno scopo identico o simile. L&#8217;Assemblea Generale decide sulla distribuzione dei proventi della liquidazione e richiede una maggioranza di due terzi dei membri presenti. Questo articolo \u00e8 irrevocabile.<\/p>\n<p>Il presente Statuto \u00e8 stato redatto nella sua forma attuale dalla Presidenza e accettato dai membri del Consiglio Direttivo. L&#8217;approvazione definitiva sar\u00e0 votata dai soci in occasione della prossima Assemblea Generale.<\/p>\n<p>[\/et_pb_text][\/et_pb_column][\/et_pb_row][\/et_pb_section][et_pb_section fb_built=&#8221;1&#8243; disabled_on=&#8221;off|off|off&#8221; admin_label=&#8221;Follow Along&#8221; _builder_version=&#8221;4.14.8&#8243; use_background_color_gradient=&#8221;on&#8221; background_color_gradient_start=&#8221;#ffffff&#8221; background_color_gradient_end=&#8221;rgba(255,255,255,0)&#8221; background_color_gradient_end_position=&#8221;52%&#8221; background_color_gradient_overlays_image=&#8221;on&#8221; background_image=&#8221;https:\/\/www.circle-of-compassion.ch\/wp-content\/uploads\/2021\/06\/footer.jpg&#8221; background_position=&#8221;center_right&#8221; custom_padding=&#8221;||34vw|&#8221; global_colors_info=&#8221;{}&#8221;][et_pb_row column_structure=&#8221;1_4,1_2,1_4&#8243; module_class=&#8221; et_pb_row_fullwidth&#8221; _builder_version=&#8221;3.25&#8243; width=&#8221;89%&#8221; width_tablet=&#8221;80%&#8221; width_phone=&#8221;&#8221; width_last_edited=&#8221;on|desktop&#8221; max_width=&#8221;89%&#8221; max_width_tablet=&#8221;80%&#8221; max_width_phone=&#8221;&#8221; max_width_last_edited=&#8221;on|desktop&#8221; custom_margin=&#8221;0px|||&#8221; custom_padding=&#8221;|||&#8221; make_fullwidth=&#8221;on&#8221; global_colors_info=&#8221;{}&#8221;][et_pb_column type=&#8221;1_4&#8243; _builder_version=&#8221;3.25&#8243; custom_padding=&#8221;|||&#8221; global_colors_info=&#8221;{}&#8221; custom_padding__hover=&#8221;|||&#8221;][\/et_pb_column][et_pb_column type=&#8221;1_2&#8243; _builder_version=&#8221;3.25&#8243; custom_padding=&#8221;|||&#8221; global_colors_info=&#8221;{}&#8221; custom_padding__hover=&#8221;|||&#8221;][et_pb_code _builder_version=&#8221;4.14.8&#8243; _module_preset=&#8221;default&#8221; global_colors_info=&#8221;{}&#8221;]<div id=\"quform-014ec8\" class=\"quform quform-12 quform-theme-minimal quform-support-page-caching\"><form id=\"quform-form-014ec8\" class=\"quform-form quform-form-12\" action=\"\/it\/wp-json\/wp\/v2\/pages\/1484#quform-014ec8\" method=\"post\" enctype=\"multipart\/form-data\" novalidate=\"novalidate\" data-options=\"{&quot;id&quot;:12,&quot;uniqueId&quot;:&quot;014ec8&quot;,&quot;theme&quot;:&quot;minimal&quot;,&quot;ajax&quot;:true,&quot;logic&quot;:{&quot;logic&quot;:[],&quot;dependents&quot;:[],&quot;elementIds&quot;:[],&quot;dependentElementIds&quot;:[],&quot;animate&quot;:true},&quot;currentPageId&quot;:1,&quot;errorsIcon&quot;:&quot;&quot;,&quot;updateFancybox&quot;:true,&quot;hasPages&quot;:false,&quot;pages&quot;:[1],&quot;pageProgressType&quot;:&quot;numbers&quot;,&quot;tooltipsEnabled&quot;:true,&quot;tooltipClasses&quot;:&quot;qtip-quform-dark qtip-shadow&quot;,&quot;tooltipMy&quot;:&quot;left center&quot;,&quot;tooltipAt&quot;:&quot;right center&quot;,&quot;isRtl&quot;:false,&quot;scrollOffset&quot;:-50,&quot;scrollSpeed&quot;:800}\"><button class=\"quform-default-submit\" name=\"quform_submit\" type=\"submit\" value=\"submit\" aria-hidden=\"true\" tabindex=\"-1\"><\/button><div class=\"quform-form-inner quform-form-inner-12\"><input type=\"hidden\" name=\"quform_form_id\" value=\"12\" \/><input type=\"hidden\" name=\"quform_form_uid\" value=\"014ec8\" \/><input type=\"hidden\" name=\"quform_count\" value=\"1\" \/><input type=\"hidden\" name=\"form_url\" value=\"https:\/\/www.circle-of-compassion.ch\/it\/wp-json\/wp\/v2\/pages\/1484\" \/><input type=\"hidden\" name=\"referring_url\" value=\"\" \/><input type=\"hidden\" name=\"post_id\" value=\"\" \/><input type=\"hidden\" name=\"post_title\" value=\"\" \/><input type=\"hidden\" name=\"quform_current_page_id\" value=\"1\" \/><input type=\"hidden\" name=\"quform_csrf_token\" value=\"L8Cc7CpgTMUEvEovgWIB4bajJcbjp3MvBuXOWGWr\" \/><div class=\"quform-form-title-description\"><h2 class=\"quform-form-title\">Non perderti le nostre novit\u00e0!<\/h2><p class=\"quform-form-description\">Volete essere sempre aggiornati su di noi e sulle nostre azioni? Niente di pi\u00f9 facile: iscrivetevi alla nostra newsletter e sarete sempre ben informati.<\/p><\/div><div class=\"quform-elements quform-elements-12 quform-cf quform-responsive-elements-phone-landscape\"><div class=\"quform-element quform-element-page quform-page-1 quform-page-12_1 quform-cf quform-group-style-plain quform-first-page quform-last-page quform-current-page\"><div class=\"quform-child-elements\"><div class=\"quform-element quform-element-email quform-element-12_3 quform-cf quform-element-optional\"><div class=\"quform-spacer\"><div class=\"quform-label quform-label-12_3\"><label class=\"quform-label-text\" for=\"quform_12_3_014ec8\">E-Mail *<\/label><\/div><div class=\"quform-inner quform-inner-email quform-inner-12_3\"><div class=\"quform-input quform-input-email quform-input-12_3 quform-cf\"><input type=\"email\" id=\"quform_12_3_014ec8\" name=\"quform_12_3\" class=\"quform-field quform-field-email quform-field-12_3\" placeholder=\"E-Mail *\" \/><\/div><\/div><\/div><\/div><div class=\"quform-element quform-element-submit quform-element-12_2 quform-cf quform-button-style-theme\"><div class=\"quform-button-submit quform-button-submit-default quform-button-submit-12_2\"><button name=\"quform_submit\" type=\"submit\" class=\"quform-submit\" value=\"submit\"><span class=\"quform-button-text quform-button-submit-text\">Iscriviti<\/span><\/button><\/div><div class=\"quform-loading quform-loading-position-left quform-loading-type-spinner-1\"><div class=\"quform-loading-inner\"><div class=\"quform-loading-spinner\"><div class=\"quform-loading-spinner-inner\"><\/div><\/div><\/div><\/div><\/div><div class=\"quform-element quform-element-recaptcha quform-element-12_6 quform-cf quform-element-required\"><div class=\"quform-spacer\"><div class=\"quform-inner quform-inner-recaptcha quform-inner-12_6\"><div class=\"quform-input quform-input-recaptcha quform-input-12_6 quform-cf\"><div class=\"quform-recaptcha\" data-config=\"{&quot;sitekey&quot;:&quot;6LfUP_4pAAAAAMIT7VBxV9sX2FMeS3p0esLjvGix&quot;,&quot;_version&quot;:&quot;v3&quot;,&quot;size&quot;:&quot;invisible&quot;,&quot;type&quot;:&quot;image&quot;,&quot;theme&quot;:&quot;light&quot;,&quot;badge&quot;:&quot;inline&quot;}\"><\/div><noscript>Per favore, abilita JavaScript per inviare questo modulo.<\/noscript><\/div><\/div><\/div><\/div><div class=\"quform-element-tree\"><label for=\"quform_12_0_014ec8\">Questo campo deve essere lasciato vuoto<\/label><input type=\"text\" id=\"quform_12_0_014ec8\" name=\"quform_12_0\" class=\"quform-field quform-field-tree quform-field-12_0\" tabindex=\"-1\" autocomplete=\"off\" \/><\/div><\/div><\/div><\/div><\/div><\/form><\/div>[\/et_pb_code][et_pb_social_media_follow _builder_version=&#8221;4.9.6&#8243; text_orientation=&#8221;center&#8221; background_layout=&#8221;dark&#8221; module_alignment=&#8221;right&#8221; custom_margin=&#8221;|||&#8221; animation_style=&#8221;slide&#8221; animation_direction=&#8221;top&#8221; border_radii=&#8221;on|100%|100%|100%|100%&#8221; global_colors_info=&#8221;{}&#8221;][et_pb_social_media_follow_network social_network=&#8221;facebook&#8221; url=&#8221;https:\/\/www.facebook.com\/CircleOfCompassionSwitzerland&#8221; _builder_version=&#8221;4.9.6&#8243; background_color=&#8221;rgba(0,0,0,0.1)&#8221; custom_margin=&#8221;|10px||10px||true&#8221; custom_padding=&#8221;10px|10px|10px|10px|true|true&#8221; global_colors_info=&#8221;{}&#8221; follow_button=&#8221;off&#8221; url_new_window=&#8221;on&#8221;]facebook[\/et_pb_social_media_follow_network][et_pb_social_media_follow_network social_network=&#8221;instagram&#8221; url=&#8221;https:\/\/www.instagram.com\/circleofcompassionswitzerland\/&#8221; _builder_version=&#8221;4.9.6&#8243; background_color=&#8221;rgba(0,0,0,0.1)&#8221; custom_margin=&#8221;|10px||10px||true&#8221; custom_padding=&#8221;10px|10px|10px|10px|true|true&#8221; global_colors_info=&#8221;{}&#8221; follow_button=&#8221;off&#8221; url_new_window=&#8221;on&#8221;]instagram[\/et_pb_social_media_follow_network][\/et_pb_social_media_follow][\/et_pb_column][et_pb_column type=&#8221;1_4&#8243; _builder_version=&#8221;3.25&#8243; custom_padding=&#8221;|||&#8221; global_colors_info=&#8221;{}&#8221; custom_padding__hover=&#8221;|||&#8221;][\/et_pb_column][\/et_pb_row][\/et_pb_section]<\/p>\n","protected":false},"excerpt":{"rendered":"<p>I. Nome e sede legale Art. 1 Nome, forma giuridica, sede legale Con il nome di \u00abCircle of Compassion\u00bb \u00e8 fondata un&#8217;associazione ai sensi dell&#8217;art. 60 del Codice civile svizzero. L&#8217;associazione ha sede legale a Basilea. II. Scopo dell&#8217;organizzazione Art. 2 Scopo e obiettivo L&#8217;obiettivo dell&#8217;organizzazione \u00e8 difendere la dignit\u00e0 e i diritti degli animali. [&hellip;]<\/p>\n","protected":false},"author":1,"featured_media":0,"parent":0,"menu_order":54,"comment_status":"closed","ping_status":"closed","template":"","meta":{"_et_pb_use_builder":"on","_et_pb_old_content":"","_et_gb_content_width":"","footnotes":""},"class_list":["post-1484","page","type-page","status-publish","hentry"],"acf":[],"_links":{"self":[{"href":"https:\/\/www.circle-of-compassion.ch\/it\/wp-json\/wp\/v2\/pages\/1484","targetHints":{"allow":["GET"]}}],"collection":[{"href":"https:\/\/www.circle-of-compassion.ch\/it\/wp-json\/wp\/v2\/pages"}],"about":[{"href":"https:\/\/www.circle-of-compassion.ch\/it\/wp-json\/wp\/v2\/types\/page"}],"author":[{"embeddable":true,"href":"https:\/\/www.circle-of-compassion.ch\/it\/wp-json\/wp\/v2\/users\/1"}],"replies":[{"embeddable":true,"href":"https:\/\/www.circle-of-compassion.ch\/it\/wp-json\/wp\/v2\/comments?post=1484"}],"version-history":[{"count":10,"href":"https:\/\/www.circle-of-compassion.ch\/it\/wp-json\/wp\/v2\/pages\/1484\/revisions"}],"predecessor-version":[{"id":2996,"href":"https:\/\/www.circle-of-compassion.ch\/it\/wp-json\/wp\/v2\/pages\/1484\/revisions\/2996"}],"wp:attachment":[{"href":"https:\/\/www.circle-of-compassion.ch\/it\/wp-json\/wp\/v2\/media?parent=1484"}],"curies":[{"name":"wp","href":"https:\/\/api.w.org\/{rel}","templated":true}]}}